{"id":9201,"date":"2022-05-09T12:02:26","date_gmt":"2022-05-09T18:02:26","guid":{"rendered":"https:\/\/grupoasfin.com\/?post_type=product&#038;p=9201"},"modified":"2022-09-14T09:16:40","modified_gmt":"2022-09-14T15:16:40","slug":"epsc100-304-440","status":"publish","type":"product","link":"https:\/\/grupoasfin.com\/en\/producto\/epsc100-304-440\/","title":{"rendered":"EPSC100\/304\/440"},"content":{"rendered":"<h2><strong><b>NaOH flake preparation unit<\/b><\/strong><\/h2>\n<p>It consists of a water booster pump, a vertical centrifugal pump for caustic soda application, a humidification unit and a tank divided into 2 chambers:<\/p>\n<p>Preparation and Dosing. The equipment operates automatically to reach concentrations of 0.5 to 5%. It is manufactured in T304 stainless steel.<\/p>\n<p>The humidification unit consists mainly of: a ball valve with electric actuator, a flowmeter, a hopper with sprayer, a feed worm, a humification cone, a pressure gauge, an ejector, a spring check valve and a control panel.<\/p>\n<p>The preparation tank has a disperser and the dosing tank has a motor reducer with a two-blade agitator and three level electrodes (high, low and low low).<\/p>\n<p>The essential supplies for its operation are: Electrical power at 440 VAC, Water and Caustic Soda in flakes.<\/p>\n<p>Our equipment has a visual alarm (turret) and an audible alarm (90 dB) that warns when any input is missing or there is a failure in any of the motors.<\/p>\n<p>Its function is in applications where it is required to regulate the pH.<\/p>\n","protected":false},"excerpt":{"rendered":"<p>NaOH flake preparation unit It consists of a water booster pump, a vertical centrifugal pump for caustic soda application, a humidification unit and a tank divided into 2 chambers: Preparation and Dosing. The equipment operates automatically to reach concentrations of 0.5 to 5%. It is manufactured in T304 stainless steel. The humidification unit consists mainly &hellip; <a href=\"https:\/\/grupoasfin.com\/en\/producto\/epsc100-304-440\/\" class=\"more-link\">Continue reading <span class=\"screen-reader-text\">EPSC100\/304\/440<\/span><\/a><\/p>\n","protected":false},"featured_media":9512,"template":"","meta":{"_vp_format_video_url":"","_vp_image_focal_point":[]},"product_brand":[],"product_cat":[82],"product_tag":[],"class_list":{"0":"post-9201","1":"product","2":"type-product","3":"status-publish","4":"has-post-thumbnail","6":"product_cat-special-equipment","8":"first","9":"instock","10":"shipping-taxable","11":"product-type-simple"},"yoast_head":"<!-- This site is optimized with the Yoast SEO plugin v27.2 - https:\/\/yoast.com\/product\/yoast-seo-wordpress\/ -->\n<title>EPSC100\/304\/440 - Reactivos Floculantes y Equipos para la preparaci\u00f3n en M\u00e9xico-Asfin<\/title>\n<meta name=\"robots\" content=\"index, follow, max-snippet:-1, max-image-preview:large, max-video-preview:-1\" \/>\n<link rel=\"canonical\" href=\"https:\/\/grupoasfin.com\/en\/producto\/epsc100-304-440\/\" \/>\n<meta property=\"og:locale\" content=\"en_US\" \/>\n<meta property=\"og:type\" content=\"article\" \/>\n<meta property=\"og:title\" content=\"EPSC100\/304\/440 - Reactivos Floculantes y Equipos para la preparaci\u00f3n en M\u00e9xico-Asfin\" \/>\n<meta property=\"og:description\" content=\"NaOH flake preparation unit It consists of a water booster pump, a vertical centrifugal pump for caustic soda application, a humidification unit and a tank divided into 2 chambers: Preparation and Dosing. The equipment operates automatically to reach concentrations of 0.5 to 5%. It is manufactured in T304 stainless steel. The humidification unit consists mainly &hellip; Continue reading EPSC100\/304\/440\" \/>\n<meta property=\"og:url\" content=\"https:\/\/grupoasfin.com\/en\/producto\/epsc100-304-440\/\" \/>\n<meta property=\"og:site_name\" content=\"Reactivos Floculantes y Equipos para la preparaci\u00f3n en M\u00e9xico-Asfin\" \/>\n<meta property=\"article:modified_time\" content=\"2022-09-14T15:16:40+00:00\" \/>\n<meta property=\"og:image\" content=\"https:\/\/grupoasfin.com\/wp-content\/uploads\/2022\/05\/Equipo-Ingles-EPSC100304440.png\" \/>\n\t<meta property=\"og:image:width\" content=\"500\" \/>\n\t<meta property=\"og:image:height\" content=\"500\" \/>\n\t<meta property=\"og:image:type\" content=\"image\/png\" \/>\n<meta name=\"twitter:card\" content=\"summary_large_image\" \/>\n<meta name=\"twitter:label1\" content=\"Est. reading time\" \/>\n\t<meta name=\"twitter:data1\" content=\"1 minute\" \/>\n<script type=\"application\/ld+json\" class=\"yoast-schema-graph\">{\"@context\":\"https:\/\/schema.org\",\"@graph\":[{\"@type\":\"WebPage\",\"@id\":\"https:\/\/grupoasfin.com\/en\/producto\/epsc100-304-440\/\",\"url\":\"https:\/\/grupoasfin.com\/en\/producto\/epsc100-304-440\/\",\"name\":\"EPSC100\/304\/440 - Reactivos Floculantes y Equipos para la preparaci\u00f3n en M\u00e9xico-Asfin\",\"isPartOf\":{\"@id\":\"https:\/\/grupoasfin.com\/#website\"},\"primaryImageOfPage\":{\"@id\":\"https:\/\/grupoasfin.com\/en\/producto\/epsc100-304-440\/#primaryimage\"},\"image\":{\"@id\":\"https:\/\/grupoasfin.com\/en\/producto\/epsc100-304-440\/#primaryimage\"},\"thumbnailUrl\":\"https:\/\/grupoasfin.com\/wp-content\/uploads\/2022\/05\/Equipo-Ingles-EPSC100304440.png\",\"datePublished\":\"2022-05-09T18:02:26+00:00\",\"dateModified\":\"2022-09-14T15:16:40+00:00\",\"breadcrumb\":{\"@id\":\"https:\/\/grupoasfin.com\/en\/producto\/epsc100-304-440\/#breadcrumb\"},\"inLanguage\":\"en-US\",\"potentialAction\":[{\"@type\":\"ReadAction\",\"target\":[\"https:\/\/grupoasfin.com\/en\/producto\/epsc100-304-440\/\"]}]},{\"@type\":\"ImageObject\",\"inLanguage\":\"en-US\",\"@id\":\"https:\/\/grupoasfin.com\/en\/producto\/epsc100-304-440\/#primaryimage\",\"url\":\"https:\/\/grupoasfin.com\/wp-content\/uploads\/2022\/05\/Equipo-Ingles-EPSC100304440.png\",\"contentUrl\":\"https:\/\/grupoasfin.com\/wp-content\/uploads\/2022\/05\/Equipo-Ingles-EPSC100304440.png\",\"width\":500,\"height\":500},{\"@type\":\"BreadcrumbList\",\"@id\":\"https:\/\/grupoasfin.com\/en\/producto\/epsc100-304-440\/#breadcrumb\",\"itemListElement\":[{\"@type\":\"ListItem\",\"position\":1,\"name\":\"Portada\",\"item\":\"https:\/\/grupoasfin.com\/en\/\"},{\"@type\":\"ListItem\",\"position\":2,\"name\":\"Productos\",\"item\":\"https:\/\/grupoasfin.com\/equipos\/\"},{\"@type\":\"ListItem\",\"position\":3,\"name\":\"EPSC100\/304\/440\"}]},{\"@type\":\"WebSite\",\"@id\":\"https:\/\/grupoasfin.com\/#website\",\"url\":\"https:\/\/grupoasfin.com\/\",\"name\":\"Reactivos Floculantes y Equipos para la preparaci\u00f3n en M\u00e9xico-Asfin\",\"description\":\"Desde 1984 suministrando reactivos, equipos para preparaci\u00f3n de floculantes y servicios Asfloc(R) en M\u00e9xico.\",\"potentialAction\":[{\"@type\":\"SearchAction\",\"target\":{\"@type\":\"EntryPoint\",\"urlTemplate\":\"https:\/\/grupoasfin.com\/?s={search_term_string}\"},\"query-input\":{\"@type\":\"PropertyValueSpecification\",\"valueRequired\":true,\"valueName\":\"search_term_string\"}}],\"inLanguage\":\"en-US\"}]}<\/script>\n<!-- \/ Yoast SEO plugin. -->","yoast_head_json":{"title":"EPSC100\/304\/440 - Reactivos Floculantes y Equipos para la preparaci\u00f3n en M\u00e9xico-Asfin","robots":{"index":"index","follow":"follow","max-snippet":"max-snippet:-1","max-image-preview":"max-image-preview:large","max-video-preview":"max-video-preview:-1"},"canonical":"https:\/\/grupoasfin.com\/en\/producto\/epsc100-304-440\/","og_locale":"en_US","og_type":"article","og_title":"EPSC100\/304\/440 - Reactivos Floculantes y Equipos para la preparaci\u00f3n en M\u00e9xico-Asfin","og_description":"NaOH flake preparation unit It consists of a water booster pump, a vertical centrifugal pump for caustic soda application, a humidification unit and a tank divided into 2 chambers: Preparation and Dosing. The equipment operates automatically to reach concentrations of 0.5 to 5%. It is manufactured in T304 stainless steel. The humidification unit consists mainly &hellip; Continue reading EPSC100\/304\/440","og_url":"https:\/\/grupoasfin.com\/en\/producto\/epsc100-304-440\/","og_site_name":"Reactivos Floculantes y Equipos para la preparaci\u00f3n en M\u00e9xico-Asfin","article_modified_time":"2022-09-14T15:16:40+00:00","og_image":[{"width":500,"height":500,"url":"https:\/\/grupoasfin.com\/wp-content\/uploads\/2022\/05\/Equipo-Ingles-EPSC100304440.png","type":"image\/png"}],"twitter_card":"summary_large_image","twitter_misc":{"Est. reading time":"1 minute"},"schema":{"@context":"https:\/\/schema.org","@graph":[{"@type":"WebPage","@id":"https:\/\/grupoasfin.com\/en\/producto\/epsc100-304-440\/","url":"https:\/\/grupoasfin.com\/en\/producto\/epsc100-304-440\/","name":"EPSC100\/304\/440 - Reactivos Floculantes y Equipos para la preparaci\u00f3n en M\u00e9xico-Asfin","isPartOf":{"@id":"https:\/\/grupoasfin.com\/#website"},"primaryImageOfPage":{"@id":"https:\/\/grupoasfin.com\/en\/producto\/epsc100-304-440\/#primaryimage"},"image":{"@id":"https:\/\/grupoasfin.com\/en\/producto\/epsc100-304-440\/#primaryimage"},"thumbnailUrl":"https:\/\/grupoasfin.com\/wp-content\/uploads\/2022\/05\/Equipo-Ingles-EPSC100304440.png","datePublished":"2022-05-09T18:02:26+00:00","dateModified":"2022-09-14T15:16:40+00:00","breadcrumb":{"@id":"https:\/\/grupoasfin.com\/en\/producto\/epsc100-304-440\/#breadcrumb"},"inLanguage":"en-US","potentialAction":[{"@type":"ReadAction","target":["https:\/\/grupoasfin.com\/en\/producto\/epsc100-304-440\/"]}]},{"@type":"ImageObject","inLanguage":"en-US","@id":"https:\/\/grupoasfin.com\/en\/producto\/epsc100-304-440\/#primaryimage","url":"https:\/\/grupoasfin.com\/wp-content\/uploads\/2022\/05\/Equipo-Ingles-EPSC100304440.png","contentUrl":"https:\/\/grupoasfin.com\/wp-content\/uploads\/2022\/05\/Equipo-Ingles-EPSC100304440.png","width":500,"height":500},{"@type":"BreadcrumbList","@id":"https:\/\/grupoasfin.com\/en\/producto\/epsc100-304-440\/#breadcrumb","itemListElement":[{"@type":"ListItem","position":1,"name":"Portada","item":"https:\/\/grupoasfin.com\/en\/"},{"@type":"ListItem","position":2,"name":"Productos","item":"https:\/\/grupoasfin.com\/equipos\/"},{"@type":"ListItem","position":3,"name":"EPSC100\/304\/440"}]},{"@type":"WebSite","@id":"https:\/\/grupoasfin.com\/#website","url":"https:\/\/grupoasfin.com\/","name":"Reactivos Floculantes y Equipos para la preparaci\u00f3n en M\u00e9xico-Asfin","description":"Desde 1984 suministrando reactivos, equipos para preparaci\u00f3n de floculantes y servicios Asfloc(R) en M\u00e9xico.","potentialAction":[{"@type":"SearchAction","target":{"@type":"EntryPoint","urlTemplate":"https:\/\/grupoasfin.com\/?s={search_term_string}"},"query-input":{"@type":"PropertyValueSpecification","valueRequired":true,"valueName":"search_term_string"}}],"inLanguage":"en-US"}]}},"_links":{"self":[{"href":"https:\/\/grupoasfin.com\/en\/wp-json\/wp\/v2\/product\/9201","targetHints":{"allow":["GET"]}}],"collection":[{"href":"https:\/\/grupoasfin.com\/en\/wp-json\/wp\/v2\/product"}],"about":[{"href":"https:\/\/grupoasfin.com\/en\/wp-json\/wp\/v2\/types\/product"}],"wp:featuredmedia":[{"embeddable":true,"href":"https:\/\/grupoasfin.com\/en\/wp-json\/wp\/v2\/media\/9512"}],"wp:attachment":[{"href":"https:\/\/grupoasfin.com\/en\/wp-json\/wp\/v2\/media?parent=9201"}],"wp:term":[{"taxonomy":"product_brand","embeddable":true,"href":"https:\/\/grupoasfin.com\/en\/wp-json\/wp\/v2\/product_brand?post=9201"},{"taxonomy":"product_cat","embeddable":true,"href":"https:\/\/grupoasfin.com\/en\/wp-json\/wp\/v2\/product_cat?post=9201"},{"taxonomy":"product_tag","embeddable":true,"href":"https:\/\/grupoasfin.com\/en\/wp-json\/wp\/v2\/product_tag?post=9201"}],"curies":[{"name":"wp","href":"https:\/\/api.w.org\/{rel}","templated":true}]}}