{"id":9199,"date":"2022-04-08T14:57:02","date_gmt":"2022-04-08T20:57:02","guid":{"rendered":"https:\/\/grupoasfin.com\/?post_type=product&#038;p=9199"},"modified":"2022-07-22T11:29:04","modified_gmt":"2022-07-22T17:29:04","slug":"udos","status":"publish","type":"product","link":"https:\/\/grupoasfin.com\/en\/producto\/udos\/","title":{"rendered":"UDOS"},"content":{"rendered":"<h2><strong><b>Dosing Unit<\/b><\/strong><\/h2>\n<p>It consists mainly of a progressive cavity metering pump with its geared motor, a base, a suction flange and a discharge flange, a pressure gauge, a flowmeter, interconnection and\/or control and power panels.<\/p>\n<p>The progressive cavity pump is composed of a chrome-plated steel helical rotor and a stator coated with EPDM.<\/p>\n<p>Our dosing units guarantee a continuous flow of ASFLOC\u2122 flocculant within the range corresponding to its capacity with sufficient discharge pressure.<\/p>\n<p>The capacities we offer range from 0.1 LPM to 1000 LPM.<\/p>\n","protected":false},"excerpt":{"rendered":"<p>Dosing Unit It consists mainly of a progressive cavity metering pump with its geared motor, a base, a suction flange and a discharge flange, a pressure gauge, a flowmeter, interconnection and\/or control and power panels. The progressive cavity pump is composed of a chrome-plated steel helical rotor and a stator coated with EPDM. Our dosing &hellip; <a href=\"https:\/\/grupoasfin.com\/en\/producto\/udos\/\" class=\"more-link\">Continue reading <span class=\"screen-reader-text\">UDOS<\/span><\/a><\/p>\n","protected":false},"featured_media":8880,"template":"","meta":{"_vp_format_video_url":"","_vp_image_focal_point":[]},"product_brand":[],"product_cat":[81],"product_tag":[],"class_list":{"0":"post-9199","1":"product","2":"type-product","3":"status-publish","4":"has-post-thumbnail","6":"product_cat-udos-equipment","8":"first","9":"instock","10":"shipping-taxable","11":"product-type-simple"},"yoast_head":"<!-- This site is optimized with the Yoast SEO plugin v27.2 - https:\/\/yoast.com\/product\/yoast-seo-wordpress\/ -->\n<title>UDOS - Reactivos Floculantes y Equipos para la preparaci\u00f3n en M\u00e9xico-Asfin<\/title>\n<meta name=\"robots\" content=\"index, follow, max-snippet:-1, max-image-preview:large, max-video-preview:-1\" \/>\n<link rel=\"canonical\" href=\"https:\/\/grupoasfin.com\/en\/producto\/udos\/\" \/>\n<meta property=\"og:locale\" content=\"en_US\" \/>\n<meta property=\"og:type\" content=\"article\" \/>\n<meta property=\"og:title\" content=\"UDOS - Reactivos Floculantes y Equipos para la preparaci\u00f3n en M\u00e9xico-Asfin\" \/>\n<meta property=\"og:description\" content=\"Dosing Unit It consists mainly of a progressive cavity metering pump with its geared motor, a base, a suction flange and a discharge flange, a pressure gauge, a flowmeter, interconnection and\/or control and power panels. The progressive cavity pump is composed of a chrome-plated steel helical rotor and a stator coated with EPDM. Our dosing &hellip; Continue reading UDOS\" \/>\n<meta property=\"og:url\" content=\"https:\/\/grupoasfin.com\/en\/producto\/udos\/\" \/>\n<meta property=\"og:site_name\" content=\"Reactivos Floculantes y Equipos para la preparaci\u00f3n en M\u00e9xico-Asfin\" \/>\n<meta property=\"article:modified_time\" content=\"2022-07-22T17:29:04+00:00\" \/>\n<meta property=\"og:image\" content=\"https:\/\/grupoasfin.com\/wp-content\/uploads\/2022\/04\/UDOS-Asfin.png\" \/>\n\t<meta property=\"og:image:width\" content=\"500\" \/>\n\t<meta property=\"og:image:height\" content=\"500\" \/>\n\t<meta property=\"og:image:type\" content=\"image\/png\" \/>\n<meta name=\"twitter:card\" content=\"summary_large_image\" \/>\n<meta name=\"twitter:label1\" content=\"Est. reading time\" \/>\n\t<meta name=\"twitter:data1\" content=\"1 minute\" \/>\n<script type=\"application\/ld+json\" class=\"yoast-schema-graph\">{\"@context\":\"https:\/\/schema.org\",\"@graph\":[{\"@type\":\"WebPage\",\"@id\":\"https:\/\/grupoasfin.com\/en\/producto\/udos\/\",\"url\":\"https:\/\/grupoasfin.com\/en\/producto\/udos\/\",\"name\":\"UDOS - Reactivos Floculantes y Equipos para la preparaci\u00f3n en M\u00e9xico-Asfin\",\"isPartOf\":{\"@id\":\"https:\/\/grupoasfin.com\/#website\"},\"primaryImageOfPage\":{\"@id\":\"https:\/\/grupoasfin.com\/en\/producto\/udos\/#primaryimage\"},\"image\":{\"@id\":\"https:\/\/grupoasfin.com\/en\/producto\/udos\/#primaryimage\"},\"thumbnailUrl\":\"https:\/\/grupoasfin.com\/wp-content\/uploads\/2022\/04\/UDOS-Asfin.png\",\"datePublished\":\"2022-04-08T20:57:02+00:00\",\"dateModified\":\"2022-07-22T17:29:04+00:00\",\"breadcrumb\":{\"@id\":\"https:\/\/grupoasfin.com\/en\/producto\/udos\/#breadcrumb\"},\"inLanguage\":\"en-US\",\"potentialAction\":[{\"@type\":\"ReadAction\",\"target\":[\"https:\/\/grupoasfin.com\/en\/producto\/udos\/\"]}]},{\"@type\":\"ImageObject\",\"inLanguage\":\"en-US\",\"@id\":\"https:\/\/grupoasfin.com\/en\/producto\/udos\/#primaryimage\",\"url\":\"https:\/\/grupoasfin.com\/wp-content\/uploads\/2022\/04\/UDOS-Asfin.png\",\"contentUrl\":\"https:\/\/grupoasfin.com\/wp-content\/uploads\/2022\/04\/UDOS-Asfin.png\",\"width\":500,\"height\":500},{\"@type\":\"BreadcrumbList\",\"@id\":\"https:\/\/grupoasfin.com\/en\/producto\/udos\/#breadcrumb\",\"itemListElement\":[{\"@type\":\"ListItem\",\"position\":1,\"name\":\"Portada\",\"item\":\"https:\/\/grupoasfin.com\/en\/\"},{\"@type\":\"ListItem\",\"position\":2,\"name\":\"Productos\",\"item\":\"https:\/\/grupoasfin.com\/equipos\/\"},{\"@type\":\"ListItem\",\"position\":3,\"name\":\"UDOS\"}]},{\"@type\":\"WebSite\",\"@id\":\"https:\/\/grupoasfin.com\/#website\",\"url\":\"https:\/\/grupoasfin.com\/\",\"name\":\"Reactivos Floculantes y Equipos para la preparaci\u00f3n en M\u00e9xico-Asfin\",\"description\":\"Desde 1984 suministrando reactivos, equipos para preparaci\u00f3n de floculantes y servicios Asfloc(R) en M\u00e9xico.\",\"potentialAction\":[{\"@type\":\"SearchAction\",\"target\":{\"@type\":\"EntryPoint\",\"urlTemplate\":\"https:\/\/grupoasfin.com\/?s={search_term_string}\"},\"query-input\":{\"@type\":\"PropertyValueSpecification\",\"valueRequired\":true,\"valueName\":\"search_term_string\"}}],\"inLanguage\":\"en-US\"}]}<\/script>\n<!-- \/ Yoast SEO plugin. -->","yoast_head_json":{"title":"UDOS - Reactivos Floculantes y Equipos para la preparaci\u00f3n en M\u00e9xico-Asfin","robots":{"index":"index","follow":"follow","max-snippet":"max-snippet:-1","max-image-preview":"max-image-preview:large","max-video-preview":"max-video-preview:-1"},"canonical":"https:\/\/grupoasfin.com\/en\/producto\/udos\/","og_locale":"en_US","og_type":"article","og_title":"UDOS - Reactivos Floculantes y Equipos para la preparaci\u00f3n en M\u00e9xico-Asfin","og_description":"Dosing Unit It consists mainly of a progressive cavity metering pump with its geared motor, a base, a suction flange and a discharge flange, a pressure gauge, a flowmeter, interconnection and\/or control and power panels. The progressive cavity pump is composed of a chrome-plated steel helical rotor and a stator coated with EPDM. Our dosing &hellip; Continue reading UDOS","og_url":"https:\/\/grupoasfin.com\/en\/producto\/udos\/","og_site_name":"Reactivos Floculantes y Equipos para la preparaci\u00f3n en M\u00e9xico-Asfin","article_modified_time":"2022-07-22T17:29:04+00:00","og_image":[{"width":500,"height":500,"url":"https:\/\/grupoasfin.com\/wp-content\/uploads\/2022\/04\/UDOS-Asfin.png","type":"image\/png"}],"twitter_card":"summary_large_image","twitter_misc":{"Est. reading time":"1 minute"},"schema":{"@context":"https:\/\/schema.org","@graph":[{"@type":"WebPage","@id":"https:\/\/grupoasfin.com\/en\/producto\/udos\/","url":"https:\/\/grupoasfin.com\/en\/producto\/udos\/","name":"UDOS - Reactivos Floculantes y Equipos para la preparaci\u00f3n en M\u00e9xico-Asfin","isPartOf":{"@id":"https:\/\/grupoasfin.com\/#website"},"primaryImageOfPage":{"@id":"https:\/\/grupoasfin.com\/en\/producto\/udos\/#primaryimage"},"image":{"@id":"https:\/\/grupoasfin.com\/en\/producto\/udos\/#primaryimage"},"thumbnailUrl":"https:\/\/grupoasfin.com\/wp-content\/uploads\/2022\/04\/UDOS-Asfin.png","datePublished":"2022-04-08T20:57:02+00:00","dateModified":"2022-07-22T17:29:04+00:00","breadcrumb":{"@id":"https:\/\/grupoasfin.com\/en\/producto\/udos\/#breadcrumb"},"inLanguage":"en-US","potentialAction":[{"@type":"ReadAction","target":["https:\/\/grupoasfin.com\/en\/producto\/udos\/"]}]},{"@type":"ImageObject","inLanguage":"en-US","@id":"https:\/\/grupoasfin.com\/en\/producto\/udos\/#primaryimage","url":"https:\/\/grupoasfin.com\/wp-content\/uploads\/2022\/04\/UDOS-Asfin.png","contentUrl":"https:\/\/grupoasfin.com\/wp-content\/uploads\/2022\/04\/UDOS-Asfin.png","width":500,"height":500},{"@type":"BreadcrumbList","@id":"https:\/\/grupoasfin.com\/en\/producto\/udos\/#breadcrumb","itemListElement":[{"@type":"ListItem","position":1,"name":"Portada","item":"https:\/\/grupoasfin.com\/en\/"},{"@type":"ListItem","position":2,"name":"Productos","item":"https:\/\/grupoasfin.com\/equipos\/"},{"@type":"ListItem","position":3,"name":"UDOS"}]},{"@type":"WebSite","@id":"https:\/\/grupoasfin.com\/#website","url":"https:\/\/grupoasfin.com\/","name":"Reactivos Floculantes y Equipos para la preparaci\u00f3n en M\u00e9xico-Asfin","description":"Desde 1984 suministrando reactivos, equipos para preparaci\u00f3n de floculantes y servicios Asfloc(R) en M\u00e9xico.","potentialAction":[{"@type":"SearchAction","target":{"@type":"EntryPoint","urlTemplate":"https:\/\/grupoasfin.com\/?s={search_term_string}"},"query-input":{"@type":"PropertyValueSpecification","valueRequired":true,"valueName":"search_term_string"}}],"inLanguage":"en-US"}]}},"_links":{"self":[{"href":"https:\/\/grupoasfin.com\/en\/wp-json\/wp\/v2\/product\/9199","targetHints":{"allow":["GET"]}}],"collection":[{"href":"https:\/\/grupoasfin.com\/en\/wp-json\/wp\/v2\/product"}],"about":[{"href":"https:\/\/grupoasfin.com\/en\/wp-json\/wp\/v2\/types\/product"}],"wp:featuredmedia":[{"embeddable":true,"href":"https:\/\/grupoasfin.com\/en\/wp-json\/wp\/v2\/media\/8880"}],"wp:attachment":[{"href":"https:\/\/grupoasfin.com\/en\/wp-json\/wp\/v2\/media?parent=9199"}],"wp:term":[{"taxonomy":"product_brand","embeddable":true,"href":"https:\/\/grupoasfin.com\/en\/wp-json\/wp\/v2\/product_brand?post=9199"},{"taxonomy":"product_cat","embeddable":true,"href":"https:\/\/grupoasfin.com\/en\/wp-json\/wp\/v2\/product_cat?post=9199"},{"taxonomy":"product_tag","embeddable":true,"href":"https:\/\/grupoasfin.com\/en\/wp-json\/wp\/v2\/product_tag?post=9199"}],"curies":[{"name":"wp","href":"https:\/\/api.w.org\/{rel}","templated":true}]}}