{"id":9176,"date":"2022-04-08T14:59:46","date_gmt":"2022-04-08T20:59:46","guid":{"rendered":"https:\/\/grupoasfin.com\/?post_type=product&#038;p=9176"},"modified":"2024-01-16T15:03:39","modified_gmt":"2024-01-16T21:03:39","slug":"efil8","status":"publish","type":"product","link":"https:\/\/grupoasfin.com\/en\/producto\/efil8\/","title":{"rendered":"EFIL8"},"content":{"rendered":"<h2><strong><b>Filter station for water with 8L volume<\/b><\/strong><\/h2>\n<p>Consists of one or more filters for H<span style=\"font-size:10px\">2<\/span>O with a capacity of 200 LPM. Includes its base and a pressure gauge.<\/p>\n<p>The filter consists of a T304 stainless steel basket with 10, 20 or 40 mesh screens.<\/p>\n<p>Our filtration stations ensure that the water supply for the humidification and dilution units contains the minimum amount of solids as possible.<\/p>\n","protected":false},"excerpt":{"rendered":"<p>Filter station for water with 8L volume Consists of one or more filters for H2O with a capacity of 200 LPM. Includes its base and a pressure gauge. The filter consists of a T304 stainless steel basket with 10, 20 or 40 mesh screens. Our filtration stations ensure that the water supply for the humidification &hellip; <a href=\"https:\/\/grupoasfin.com\/en\/producto\/efil8\/\" class=\"more-link\">Continue reading <span class=\"screen-reader-text\">EFIL8<\/span><\/a><\/p>\n","protected":false},"featured_media":8871,"template":"","meta":{"_vp_format_video_url":"","_vp_image_focal_point":[]},"product_brand":[],"product_cat":[76],"product_tag":[],"class_list":{"0":"post-9176","1":"product","2":"type-product","3":"status-publish","4":"has-post-thumbnail","6":"product_cat-efil-equipment","8":"first","9":"instock","10":"shipping-taxable","11":"product-type-simple"},"yoast_head":"<!-- This site is optimized with the Yoast SEO plugin v27.2 - https:\/\/yoast.com\/product\/yoast-seo-wordpress\/ -->\n<title>EFIL8 - Reactivos Floculantes y Equipos para la preparaci\u00f3n en M\u00e9xico-Asfin<\/title>\n<meta name=\"robots\" content=\"index, follow, max-snippet:-1, max-image-preview:large, max-video-preview:-1\" \/>\n<link rel=\"canonical\" href=\"https:\/\/grupoasfin.com\/en\/producto\/efil8\/\" \/>\n<meta property=\"og:locale\" content=\"en_US\" \/>\n<meta property=\"og:type\" content=\"article\" \/>\n<meta property=\"og:title\" content=\"EFIL8 - Reactivos Floculantes y Equipos para la preparaci\u00f3n en M\u00e9xico-Asfin\" \/>\n<meta property=\"og:description\" content=\"Filter station for water with 8L volume Consists of one or more filters for H2O with a capacity of 200 LPM. Includes its base and a pressure gauge. The filter consists of a T304 stainless steel basket with 10, 20 or 40 mesh screens. Our filtration stations ensure that the water supply for the humidification &hellip; Continue reading EFIL8\" \/>\n<meta property=\"og:url\" content=\"https:\/\/grupoasfin.com\/en\/producto\/efil8\/\" \/>\n<meta property=\"og:site_name\" content=\"Reactivos Floculantes y Equipos para la preparaci\u00f3n en M\u00e9xico-Asfin\" \/>\n<meta property=\"article:modified_time\" content=\"2024-01-16T21:03:39+00:00\" \/>\n<meta property=\"og:image\" content=\"https:\/\/grupoasfin.com\/wp-content\/uploads\/2022\/04\/EFIL20-4-Asfin.png\" \/>\n\t<meta property=\"og:image:width\" content=\"500\" \/>\n\t<meta property=\"og:image:height\" content=\"500\" \/>\n\t<meta property=\"og:image:type\" content=\"image\/png\" \/>\n<meta name=\"twitter:card\" content=\"summary_large_image\" \/>\n<meta name=\"twitter:label1\" content=\"Est. reading time\" \/>\n\t<meta name=\"twitter:data1\" content=\"1 minute\" \/>\n<script type=\"application\/ld+json\" class=\"yoast-schema-graph\">{\"@context\":\"https:\/\/schema.org\",\"@graph\":[{\"@type\":\"WebPage\",\"@id\":\"https:\/\/grupoasfin.com\/en\/producto\/efil8\/\",\"url\":\"https:\/\/grupoasfin.com\/en\/producto\/efil8\/\",\"name\":\"EFIL8 - Reactivos Floculantes y Equipos para la preparaci\u00f3n en M\u00e9xico-Asfin\",\"isPartOf\":{\"@id\":\"https:\/\/grupoasfin.com\/#website\"},\"primaryImageOfPage\":{\"@id\":\"https:\/\/grupoasfin.com\/en\/producto\/efil8\/#primaryimage\"},\"image\":{\"@id\":\"https:\/\/grupoasfin.com\/en\/producto\/efil8\/#primaryimage\"},\"thumbnailUrl\":\"https:\/\/grupoasfin.com\/wp-content\/uploads\/2022\/04\/EFIL20-4-Asfin.png\",\"datePublished\":\"2022-04-08T20:59:46+00:00\",\"dateModified\":\"2024-01-16T21:03:39+00:00\",\"breadcrumb\":{\"@id\":\"https:\/\/grupoasfin.com\/en\/producto\/efil8\/#breadcrumb\"},\"inLanguage\":\"en-US\",\"potentialAction\":[{\"@type\":\"ReadAction\",\"target\":[\"https:\/\/grupoasfin.com\/en\/producto\/efil8\/\"]}]},{\"@type\":\"ImageObject\",\"inLanguage\":\"en-US\",\"@id\":\"https:\/\/grupoasfin.com\/en\/producto\/efil8\/#primaryimage\",\"url\":\"https:\/\/grupoasfin.com\/wp-content\/uploads\/2022\/04\/EFIL20-4-Asfin.png\",\"contentUrl\":\"https:\/\/grupoasfin.com\/wp-content\/uploads\/2022\/04\/EFIL20-4-Asfin.png\",\"width\":500,\"height\":500},{\"@type\":\"BreadcrumbList\",\"@id\":\"https:\/\/grupoasfin.com\/en\/producto\/efil8\/#breadcrumb\",\"itemListElement\":[{\"@type\":\"ListItem\",\"position\":1,\"name\":\"Portada\",\"item\":\"https:\/\/grupoasfin.com\/en\/\"},{\"@type\":\"ListItem\",\"position\":2,\"name\":\"Productos\",\"item\":\"https:\/\/grupoasfin.com\/equipos\/\"},{\"@type\":\"ListItem\",\"position\":3,\"name\":\"EFIL8\"}]},{\"@type\":\"WebSite\",\"@id\":\"https:\/\/grupoasfin.com\/#website\",\"url\":\"https:\/\/grupoasfin.com\/\",\"name\":\"Reactivos Floculantes y Equipos para la preparaci\u00f3n en M\u00e9xico-Asfin\",\"description\":\"Desde 1984 suministrando reactivos, equipos para preparaci\u00f3n de floculantes y servicios Asfloc(R) en M\u00e9xico.\",\"potentialAction\":[{\"@type\":\"SearchAction\",\"target\":{\"@type\":\"EntryPoint\",\"urlTemplate\":\"https:\/\/grupoasfin.com\/?s={search_term_string}\"},\"query-input\":{\"@type\":\"PropertyValueSpecification\",\"valueRequired\":true,\"valueName\":\"search_term_string\"}}],\"inLanguage\":\"en-US\"}]}<\/script>\n<!-- \/ Yoast SEO plugin. -->","yoast_head_json":{"title":"EFIL8 - Reactivos Floculantes y Equipos para la preparaci\u00f3n en M\u00e9xico-Asfin","robots":{"index":"index","follow":"follow","max-snippet":"max-snippet:-1","max-image-preview":"max-image-preview:large","max-video-preview":"max-video-preview:-1"},"canonical":"https:\/\/grupoasfin.com\/en\/producto\/efil8\/","og_locale":"en_US","og_type":"article","og_title":"EFIL8 - Reactivos Floculantes y Equipos para la preparaci\u00f3n en M\u00e9xico-Asfin","og_description":"Filter station for water with 8L volume Consists of one or more filters for H2O with a capacity of 200 LPM. Includes its base and a pressure gauge. The filter consists of a T304 stainless steel basket with 10, 20 or 40 mesh screens. Our filtration stations ensure that the water supply for the humidification &hellip; Continue reading EFIL8","og_url":"https:\/\/grupoasfin.com\/en\/producto\/efil8\/","og_site_name":"Reactivos Floculantes y Equipos para la preparaci\u00f3n en M\u00e9xico-Asfin","article_modified_time":"2024-01-16T21:03:39+00:00","og_image":[{"width":500,"height":500,"url":"https:\/\/grupoasfin.com\/wp-content\/uploads\/2022\/04\/EFIL20-4-Asfin.png","type":"image\/png"}],"twitter_card":"summary_large_image","twitter_misc":{"Est. reading time":"1 minute"},"schema":{"@context":"https:\/\/schema.org","@graph":[{"@type":"WebPage","@id":"https:\/\/grupoasfin.com\/en\/producto\/efil8\/","url":"https:\/\/grupoasfin.com\/en\/producto\/efil8\/","name":"EFIL8 - Reactivos Floculantes y Equipos para la preparaci\u00f3n en M\u00e9xico-Asfin","isPartOf":{"@id":"https:\/\/grupoasfin.com\/#website"},"primaryImageOfPage":{"@id":"https:\/\/grupoasfin.com\/en\/producto\/efil8\/#primaryimage"},"image":{"@id":"https:\/\/grupoasfin.com\/en\/producto\/efil8\/#primaryimage"},"thumbnailUrl":"https:\/\/grupoasfin.com\/wp-content\/uploads\/2022\/04\/EFIL20-4-Asfin.png","datePublished":"2022-04-08T20:59:46+00:00","dateModified":"2024-01-16T21:03:39+00:00","breadcrumb":{"@id":"https:\/\/grupoasfin.com\/en\/producto\/efil8\/#breadcrumb"},"inLanguage":"en-US","potentialAction":[{"@type":"ReadAction","target":["https:\/\/grupoasfin.com\/en\/producto\/efil8\/"]}]},{"@type":"ImageObject","inLanguage":"en-US","@id":"https:\/\/grupoasfin.com\/en\/producto\/efil8\/#primaryimage","url":"https:\/\/grupoasfin.com\/wp-content\/uploads\/2022\/04\/EFIL20-4-Asfin.png","contentUrl":"https:\/\/grupoasfin.com\/wp-content\/uploads\/2022\/04\/EFIL20-4-Asfin.png","width":500,"height":500},{"@type":"BreadcrumbList","@id":"https:\/\/grupoasfin.com\/en\/producto\/efil8\/#breadcrumb","itemListElement":[{"@type":"ListItem","position":1,"name":"Portada","item":"https:\/\/grupoasfin.com\/en\/"},{"@type":"ListItem","position":2,"name":"Productos","item":"https:\/\/grupoasfin.com\/equipos\/"},{"@type":"ListItem","position":3,"name":"EFIL8"}]},{"@type":"WebSite","@id":"https:\/\/grupoasfin.com\/#website","url":"https:\/\/grupoasfin.com\/","name":"Reactivos Floculantes y Equipos para la preparaci\u00f3n en M\u00e9xico-Asfin","description":"Desde 1984 suministrando reactivos, equipos para preparaci\u00f3n de floculantes y servicios Asfloc(R) en M\u00e9xico.","potentialAction":[{"@type":"SearchAction","target":{"@type":"EntryPoint","urlTemplate":"https:\/\/grupoasfin.com\/?s={search_term_string}"},"query-input":{"@type":"PropertyValueSpecification","valueRequired":true,"valueName":"search_term_string"}}],"inLanguage":"en-US"}]}},"_links":{"self":[{"href":"https:\/\/grupoasfin.com\/en\/wp-json\/wp\/v2\/product\/9176","targetHints":{"allow":["GET"]}}],"collection":[{"href":"https:\/\/grupoasfin.com\/en\/wp-json\/wp\/v2\/product"}],"about":[{"href":"https:\/\/grupoasfin.com\/en\/wp-json\/wp\/v2\/types\/product"}],"wp:featuredmedia":[{"embeddable":true,"href":"https:\/\/grupoasfin.com\/en\/wp-json\/wp\/v2\/media\/8871"}],"wp:attachment":[{"href":"https:\/\/grupoasfin.com\/en\/wp-json\/wp\/v2\/media?parent=9176"}],"wp:term":[{"taxonomy":"product_brand","embeddable":true,"href":"https:\/\/grupoasfin.com\/en\/wp-json\/wp\/v2\/product_brand?post=9176"},{"taxonomy":"product_cat","embeddable":true,"href":"https:\/\/grupoasfin.com\/en\/wp-json\/wp\/v2\/product_cat?post=9176"},{"taxonomy":"product_tag","embeddable":true,"href":"https:\/\/grupoasfin.com\/en\/wp-json\/wp\/v2\/product_tag?post=9176"}],"curies":[{"name":"wp","href":"https:\/\/api.w.org\/{rel}","templated":true}]}}