{"id":9171,"date":"2022-04-08T14:58:12","date_gmt":"2022-04-08T20:58:12","guid":{"rendered":"https:\/\/grupoasfin.com\/producto\/ebb\/"},"modified":"2024-01-16T15:01:00","modified_gmt":"2024-01-16T21:01:00","slug":"ebb","status":"publish","type":"product","link":"https:\/\/grupoasfin.com\/en\/producto\/ebb\/","title":{"rendered":"EBB"},"content":{"rendered":"<h2><strong><b>Water Booster Pump Station<\/b><\/strong><\/h2>\n<p>Consists of one or more booster pumps for H<span style=\"font-size:10px\">2<\/span>O pumping installed on individual bases or on a single one. Includes a power and control panel with selector switch.<\/p>\n<p>Our booster pump stations are a reliable source of water supply in both flow and pressure, as these parameters are essential for the operation of Flocculant Preparation and Dilution Equipments.<\/p>\n<p>The capacities we offer range from 50 LPM to 1000 LPM.<\/p>\n","protected":false},"excerpt":{"rendered":"<p>Water Booster Pump Station Consists of one or more booster pumps for H2O pumping installed on individual bases or on a single one. Includes a power and control panel with selector switch. Our booster pump stations are a reliable source of water supply in both flow and pressure, as these parameters are essential for the &hellip; <a href=\"https:\/\/grupoasfin.com\/en\/producto\/ebb\/\" class=\"more-link\">Continue reading <span class=\"screen-reader-text\">EBB<\/span><\/a><\/p>\n","protected":false},"featured_media":8868,"template":"","meta":{"_vp_format_video_url":"","_vp_image_focal_point":[]},"product_brand":[],"product_cat":[75],"product_tag":[],"class_list":{"0":"post-9171","1":"product","2":"type-product","3":"status-publish","4":"has-post-thumbnail","6":"product_cat-ebb-equipment","8":"first","9":"instock","10":"shipping-taxable","11":"product-type-simple"},"yoast_head":"<!-- This site is optimized with the Yoast SEO plugin v27.2 - https:\/\/yoast.com\/product\/yoast-seo-wordpress\/ -->\n<title>EBB - Reactivos Floculantes y Equipos para la preparaci\u00f3n en M\u00e9xico-Asfin<\/title>\n<meta name=\"robots\" content=\"index, follow, max-snippet:-1, max-image-preview:large, max-video-preview:-1\" \/>\n<link rel=\"canonical\" href=\"https:\/\/grupoasfin.com\/en\/producto\/ebb\/\" \/>\n<meta property=\"og:locale\" content=\"en_US\" \/>\n<meta property=\"og:type\" content=\"article\" \/>\n<meta property=\"og:title\" content=\"EBB - Reactivos Floculantes y Equipos para la preparaci\u00f3n en M\u00e9xico-Asfin\" \/>\n<meta property=\"og:description\" content=\"Water Booster Pump Station Consists of one or more booster pumps for H2O pumping installed on individual bases or on a single one. Includes a power and control panel with selector switch. Our booster pump stations are a reliable source of water supply in both flow and pressure, as these parameters are essential for the &hellip; Continue reading EBB\" \/>\n<meta property=\"og:url\" content=\"https:\/\/grupoasfin.com\/en\/producto\/ebb\/\" \/>\n<meta property=\"og:site_name\" content=\"Reactivos Floculantes y Equipos para la preparaci\u00f3n en M\u00e9xico-Asfin\" \/>\n<meta property=\"article:modified_time\" content=\"2024-01-16T21:01:00+00:00\" \/>\n<meta property=\"og:image\" content=\"https:\/\/grupoasfin.com\/wp-content\/uploads\/2022\/04\/EBB-Estaci\u0e02n-con-Bomba-Booster-Asfin.png\" \/>\n\t<meta property=\"og:image:width\" content=\"500\" \/>\n\t<meta property=\"og:image:height\" content=\"500\" \/>\n\t<meta property=\"og:image:type\" content=\"image\/png\" \/>\n<meta name=\"twitter:card\" content=\"summary_large_image\" \/>\n<meta name=\"twitter:label1\" content=\"Est. reading time\" \/>\n\t<meta name=\"twitter:data1\" content=\"1 minute\" \/>\n<script type=\"application\/ld+json\" class=\"yoast-schema-graph\">{\"@context\":\"https:\/\/schema.org\",\"@graph\":[{\"@type\":\"WebPage\",\"@id\":\"https:\/\/grupoasfin.com\/en\/producto\/ebb\/\",\"url\":\"https:\/\/grupoasfin.com\/en\/producto\/ebb\/\",\"name\":\"EBB - Reactivos Floculantes y Equipos para la preparaci\u00f3n en M\u00e9xico-Asfin\",\"isPartOf\":{\"@id\":\"https:\/\/grupoasfin.com\/#website\"},\"primaryImageOfPage\":{\"@id\":\"https:\/\/grupoasfin.com\/en\/producto\/ebb\/#primaryimage\"},\"image\":{\"@id\":\"https:\/\/grupoasfin.com\/en\/producto\/ebb\/#primaryimage\"},\"thumbnailUrl\":\"https:\/\/grupoasfin.com\/wp-content\/uploads\/2022\/04\/EBB-Estaci\u0e02n-con-Bomba-Booster-Asfin.png\",\"datePublished\":\"2022-04-08T20:58:12+00:00\",\"dateModified\":\"2024-01-16T21:01:00+00:00\",\"breadcrumb\":{\"@id\":\"https:\/\/grupoasfin.com\/en\/producto\/ebb\/#breadcrumb\"},\"inLanguage\":\"en-US\",\"potentialAction\":[{\"@type\":\"ReadAction\",\"target\":[\"https:\/\/grupoasfin.com\/en\/producto\/ebb\/\"]}]},{\"@type\":\"ImageObject\",\"inLanguage\":\"en-US\",\"@id\":\"https:\/\/grupoasfin.com\/en\/producto\/ebb\/#primaryimage\",\"url\":\"https:\/\/grupoasfin.com\/wp-content\/uploads\/2022\/04\/EBB-Estaci\u0e02n-con-Bomba-Booster-Asfin.png\",\"contentUrl\":\"https:\/\/grupoasfin.com\/wp-content\/uploads\/2022\/04\/EBB-Estaci\u0e02n-con-Bomba-Booster-Asfin.png\",\"width\":500,\"height\":500},{\"@type\":\"BreadcrumbList\",\"@id\":\"https:\/\/grupoasfin.com\/en\/producto\/ebb\/#breadcrumb\",\"itemListElement\":[{\"@type\":\"ListItem\",\"position\":1,\"name\":\"Portada\",\"item\":\"https:\/\/grupoasfin.com\/en\/\"},{\"@type\":\"ListItem\",\"position\":2,\"name\":\"Productos\",\"item\":\"https:\/\/grupoasfin.com\/equipos\/\"},{\"@type\":\"ListItem\",\"position\":3,\"name\":\"EBB\"}]},{\"@type\":\"WebSite\",\"@id\":\"https:\/\/grupoasfin.com\/#website\",\"url\":\"https:\/\/grupoasfin.com\/\",\"name\":\"Reactivos Floculantes y Equipos para la preparaci\u00f3n en M\u00e9xico-Asfin\",\"description\":\"Desde 1984 suministrando reactivos, equipos para preparaci\u00f3n de floculantes y servicios Asfloc(R) en M\u00e9xico.\",\"potentialAction\":[{\"@type\":\"SearchAction\",\"target\":{\"@type\":\"EntryPoint\",\"urlTemplate\":\"https:\/\/grupoasfin.com\/?s={search_term_string}\"},\"query-input\":{\"@type\":\"PropertyValueSpecification\",\"valueRequired\":true,\"valueName\":\"search_term_string\"}}],\"inLanguage\":\"en-US\"}]}<\/script>\n<!-- \/ Yoast SEO plugin. -->","yoast_head_json":{"title":"EBB - Reactivos Floculantes y Equipos para la preparaci\u00f3n en M\u00e9xico-Asfin","robots":{"index":"index","follow":"follow","max-snippet":"max-snippet:-1","max-image-preview":"max-image-preview:large","max-video-preview":"max-video-preview:-1"},"canonical":"https:\/\/grupoasfin.com\/en\/producto\/ebb\/","og_locale":"en_US","og_type":"article","og_title":"EBB - Reactivos Floculantes y Equipos para la preparaci\u00f3n en M\u00e9xico-Asfin","og_description":"Water Booster Pump Station Consists of one or more booster pumps for H2O pumping installed on individual bases or on a single one. Includes a power and control panel with selector switch. Our booster pump stations are a reliable source of water supply in both flow and pressure, as these parameters are essential for the &hellip; Continue reading EBB","og_url":"https:\/\/grupoasfin.com\/en\/producto\/ebb\/","og_site_name":"Reactivos Floculantes y Equipos para la preparaci\u00f3n en M\u00e9xico-Asfin","article_modified_time":"2024-01-16T21:01:00+00:00","og_image":[{"width":500,"height":500,"url":"https:\/\/grupoasfin.com\/wp-content\/uploads\/2022\/04\/EBB-Estaci\u0e02n-con-Bomba-Booster-Asfin.png","type":"image\/png"}],"twitter_card":"summary_large_image","twitter_misc":{"Est. reading time":"1 minute"},"schema":{"@context":"https:\/\/schema.org","@graph":[{"@type":"WebPage","@id":"https:\/\/grupoasfin.com\/en\/producto\/ebb\/","url":"https:\/\/grupoasfin.com\/en\/producto\/ebb\/","name":"EBB - Reactivos Floculantes y Equipos para la preparaci\u00f3n en M\u00e9xico-Asfin","isPartOf":{"@id":"https:\/\/grupoasfin.com\/#website"},"primaryImageOfPage":{"@id":"https:\/\/grupoasfin.com\/en\/producto\/ebb\/#primaryimage"},"image":{"@id":"https:\/\/grupoasfin.com\/en\/producto\/ebb\/#primaryimage"},"thumbnailUrl":"https:\/\/grupoasfin.com\/wp-content\/uploads\/2022\/04\/EBB-Estaci\u0e02n-con-Bomba-Booster-Asfin.png","datePublished":"2022-04-08T20:58:12+00:00","dateModified":"2024-01-16T21:01:00+00:00","breadcrumb":{"@id":"https:\/\/grupoasfin.com\/en\/producto\/ebb\/#breadcrumb"},"inLanguage":"en-US","potentialAction":[{"@type":"ReadAction","target":["https:\/\/grupoasfin.com\/en\/producto\/ebb\/"]}]},{"@type":"ImageObject","inLanguage":"en-US","@id":"https:\/\/grupoasfin.com\/en\/producto\/ebb\/#primaryimage","url":"https:\/\/grupoasfin.com\/wp-content\/uploads\/2022\/04\/EBB-Estaci\u0e02n-con-Bomba-Booster-Asfin.png","contentUrl":"https:\/\/grupoasfin.com\/wp-content\/uploads\/2022\/04\/EBB-Estaci\u0e02n-con-Bomba-Booster-Asfin.png","width":500,"height":500},{"@type":"BreadcrumbList","@id":"https:\/\/grupoasfin.com\/en\/producto\/ebb\/#breadcrumb","itemListElement":[{"@type":"ListItem","position":1,"name":"Portada","item":"https:\/\/grupoasfin.com\/en\/"},{"@type":"ListItem","position":2,"name":"Productos","item":"https:\/\/grupoasfin.com\/equipos\/"},{"@type":"ListItem","position":3,"name":"EBB"}]},{"@type":"WebSite","@id":"https:\/\/grupoasfin.com\/#website","url":"https:\/\/grupoasfin.com\/","name":"Reactivos Floculantes y Equipos para la preparaci\u00f3n en M\u00e9xico-Asfin","description":"Desde 1984 suministrando reactivos, equipos para preparaci\u00f3n de floculantes y servicios Asfloc(R) en M\u00e9xico.","potentialAction":[{"@type":"SearchAction","target":{"@type":"EntryPoint","urlTemplate":"https:\/\/grupoasfin.com\/?s={search_term_string}"},"query-input":{"@type":"PropertyValueSpecification","valueRequired":true,"valueName":"search_term_string"}}],"inLanguage":"en-US"}]}},"_links":{"self":[{"href":"https:\/\/grupoasfin.com\/en\/wp-json\/wp\/v2\/product\/9171","targetHints":{"allow":["GET"]}}],"collection":[{"href":"https:\/\/grupoasfin.com\/en\/wp-json\/wp\/v2\/product"}],"about":[{"href":"https:\/\/grupoasfin.com\/en\/wp-json\/wp\/v2\/types\/product"}],"wp:featuredmedia":[{"embeddable":true,"href":"https:\/\/grupoasfin.com\/en\/wp-json\/wp\/v2\/media\/8868"}],"wp:attachment":[{"href":"https:\/\/grupoasfin.com\/en\/wp-json\/wp\/v2\/media?parent=9171"}],"wp:term":[{"taxonomy":"product_brand","embeddable":true,"href":"https:\/\/grupoasfin.com\/en\/wp-json\/wp\/v2\/product_brand?post=9171"},{"taxonomy":"product_cat","embeddable":true,"href":"https:\/\/grupoasfin.com\/en\/wp-json\/wp\/v2\/product_cat?post=9171"},{"taxonomy":"product_tag","embeddable":true,"href":"https:\/\/grupoasfin.com\/en\/wp-json\/wp\/v2\/product_tag?post=9171"}],"curies":[{"name":"wp","href":"https:\/\/api.w.org\/{rel}","templated":true}]}}