{"id":9074,"date":"2022-04-26T19:09:04","date_gmt":"2022-04-27T01:09:04","guid":{"rendered":"https:\/\/grupoasfin.com\/?page_id=9074"},"modified":"2024-11-06T16:45:07","modified_gmt":"2024-11-06T22:45:07","slug":"water-filter-stations-efil","status":"publish","type":"page","link":"https:\/\/grupoasfin.com\/en\/water-filter-stations-efil\/","title":{"rendered":"WATER FILTER STATIONS (EFIL)"},"content":{"rendered":"<div class=\"wpb-content-wrapper\"><p>[vc_row][vc_column]<h2 style=\"text-align:center;font-size:36px;line-height:1.2;color:#101e8e;\" class=\"ts-custom-heading vc_custom_1658422778158\" ><strong>WATER FILTER STATIONS (EFIL)<\/strong><\/h2>\n[vc_tta_accordion active_section=&#8221;1&#8243;][vc_tta_section title=&#8221;What is the capacity of the ASFLOC\u2122 model EFIL water filter stations?&#8221; tab_id=&#8221;1651020003125-78e666f6-b00c&#8221;][vc_column_text css=&#8221;.vc_custom_1658422800136{padding-bottom: 5px !important;}&#8221;]From 100 LPM to 1500 LPM.[\/vc_column_text][\/vc_tta_section][vc_tta_section title=&#8221;How many filters can be installed in an ASFLOC\u2122 model EFIL water filtration station?&#8221; tab_id=&#8221;1651020096245-53a50b1a-f708&#8243;][vc_column_text css=&#8221;.vc_custom_1658422819395{padding-bottom: 5px !important;}&#8221;]As required.[\/vc_column_text][\/vc_tta_section][vc_tta_section title=&#8221;What mesh can I use in the ASFLOC\u2122 EFIL model water filter stations?&#8221; tab_id=&#8221;1651020095269-18f8b922-c0eb&#8221;][vc_column_text css=&#8221;.vc_custom_1730933104362{padding-bottom: 5px !important;}&#8221;]10, 20 and 40 mesh.[\/vc_column_text][\/vc_tta_section][vc_tta_section title=&#8221;When should the ASFLOC\u2122 model EFIL water filter unit be cleaned?&#8221; tab_id=&#8221;1651020089799-8868b62b-1d78&#8243;][vc_column_text css=&#8221;.vc_custom_1658422857524{padding-bottom: 5px !important;}&#8221;]When the pressure gauge installed indicates high pressure.[\/vc_column_text][\/vc_tta_section][vc_tta_section title=&#8221;How to maintain an ASFLOC\u2122 model EFIL water filter unit?&#8221; tab_id=&#8221;1651020177433-a2c423c1-62ff&#8221;][vc_column_text css=&#8221;.vc_custom_1658422875243{padding-bottom: 5px !important;}&#8221;]Shut off the water supply. Remove the filter cover and the basket. Subsequently, wash.[\/vc_column_text][\/vc_tta_section][\/vc_tta_accordion][\/vc_column][\/vc_row]<\/p>\n<\/div>","protected":false},"excerpt":{"rendered":"<p>[vc_row][vc_column][vc_tta_accordion active_section=&#8221;1&#8243;][vc_tta_section title=&#8221;What is the capacity of the ASFLOC\u2122 model EFIL water filter stations?&#8221; tab_id=&#8221;1651020003125-78e666f6-b00c&#8221;][vc_column_text css=&#8221;.vc_custom_1658422800136{padding-bottom: 5px !important;}&#8221;]From 100 LPM to 1500 LPM.[\/vc_column_text][\/vc_tta_section][vc_tta_section title=&#8221;How many filters can be installed in an ASFLOC\u2122 model EFIL water filtration station?&#8221; tab_id=&#8221;1651020096245-53a50b1a-f708&#8243;][vc_column_text css=&#8221;.vc_custom_1658422819395{padding-bottom: 5px !important;}&#8221;]As required.[\/vc_column_text][\/vc_tta_section][vc_tta_section title=&#8221;What mesh can I use in the ASFLOC\u2122 EFIL model water filter stations?&#8221; &hellip; <a href=\"https:\/\/grupoasfin.com\/en\/water-filter-stations-efil\/\" class=\"more-link\">Continue reading <span class=\"screen-reader-text\">WATER FILTER STATIONS (EFIL)<\/span><\/a><\/p>\n","protected":false},"author":1,"featured_media":0,"parent":0,"menu_order":2,"comment_status":"closed","ping_status":"closed","template":"","meta":{"_vp_format_video_url":"","_vp_image_focal_point":[],"footnotes":""},"class_list":["post-9074","page","type-page","status-publish","hentry"],"yoast_head":"<!-- This site is optimized with the Yoast SEO plugin v27.2 - https:\/\/yoast.com\/product\/yoast-seo-wordpress\/ -->\n<title>WATER FILTER STATIONS (EFIL) - Reactivos Floculantes y Equipos para la preparaci\u00f3n en M\u00e9xico-Asfin<\/title>\n<meta name=\"robots\" content=\"index, follow, max-snippet:-1, max-image-preview:large, max-video-preview:-1\" \/>\n<link rel=\"canonical\" href=\"https:\/\/grupoasfin.com\/en\/water-filter-stations-efil\/\" \/>\n<meta property=\"og:locale\" content=\"en_US\" \/>\n<meta property=\"og:type\" content=\"article\" \/>\n<meta property=\"og:title\" content=\"WATER FILTER STATIONS (EFIL) - Reactivos Floculantes y Equipos para la preparaci\u00f3n en M\u00e9xico-Asfin\" \/>\n<meta property=\"og:description\" content=\"[vc_row][vc_column][vc_tta_accordion active_section=&#8221;1&#8243;][vc_tta_section title=&#8221;What is the capacity of the ASFLOC\u2122 model EFIL water filter stations?&#8221; tab_id=&#8221;1651020003125-78e666f6-b00c&#8221;][vc_column_text css=&#8221;.vc_custom_1658422800136{padding-bottom: 5px !important;}&#8221;]From 100 LPM to 1500 LPM.[\/vc_column_text][\/vc_tta_section][vc_tta_section title=&#8221;How many filters can be installed in an ASFLOC\u2122 model EFIL water filtration station?&#8221; tab_id=&#8221;1651020096245-53a50b1a-f708&#8243;][vc_column_text css=&#8221;.vc_custom_1658422819395{padding-bottom: 5px !important;}&#8221;]As required.[\/vc_column_text][\/vc_tta_section][vc_tta_section title=&#8221;What mesh can I use in the ASFLOC\u2122 EFIL model water filter stations?&#8221; &hellip; Continue reading WATER FILTER STATIONS (EFIL)\" \/>\n<meta property=\"og:url\" content=\"https:\/\/grupoasfin.com\/en\/water-filter-stations-efil\/\" \/>\n<meta property=\"og:site_name\" content=\"Reactivos Floculantes y Equipos para la preparaci\u00f3n en M\u00e9xico-Asfin\" \/>\n<meta property=\"article:modified_time\" content=\"2024-11-06T22:45:07+00:00\" \/>\n<meta name=\"twitter:card\" content=\"summary_large_image\" \/>\n<meta name=\"twitter:label1\" content=\"Est. reading time\" \/>\n\t<meta name=\"twitter:data1\" content=\"1 minute\" \/>\n<script type=\"application\/ld+json\" class=\"yoast-schema-graph\">{\"@context\":\"https:\/\/schema.org\",\"@graph\":[{\"@type\":\"WebPage\",\"@id\":\"https:\/\/grupoasfin.com\/en\/water-filter-stations-efil\/\",\"url\":\"https:\/\/grupoasfin.com\/en\/water-filter-stations-efil\/\",\"name\":\"WATER FILTER STATIONS (EFIL) - Reactivos Floculantes y Equipos para la preparaci\u00f3n en M\u00e9xico-Asfin\",\"isPartOf\":{\"@id\":\"https:\/\/grupoasfin.com\/#website\"},\"datePublished\":\"2022-04-27T01:09:04+00:00\",\"dateModified\":\"2024-11-06T22:45:07+00:00\",\"breadcrumb\":{\"@id\":\"https:\/\/grupoasfin.com\/en\/water-filter-stations-efil\/#breadcrumb\"},\"inLanguage\":\"en-US\",\"potentialAction\":[{\"@type\":\"ReadAction\",\"target\":[\"https:\/\/grupoasfin.com\/en\/water-filter-stations-efil\/\"]}]},{\"@type\":\"BreadcrumbList\",\"@id\":\"https:\/\/grupoasfin.com\/en\/water-filter-stations-efil\/#breadcrumb\",\"itemListElement\":[{\"@type\":\"ListItem\",\"position\":1,\"name\":\"Portada\",\"item\":\"https:\/\/grupoasfin.com\/en\/\"},{\"@type\":\"ListItem\",\"position\":2,\"name\":\"WATER FILTER STATIONS (EFIL)\"}]},{\"@type\":\"WebSite\",\"@id\":\"https:\/\/grupoasfin.com\/#website\",\"url\":\"https:\/\/grupoasfin.com\/\",\"name\":\"Reactivos Floculantes y Equipos para la preparaci\u00f3n en M\u00e9xico-Asfin\",\"description\":\"Desde 1984 suministrando reactivos, equipos para preparaci\u00f3n de floculantes y servicios Asfloc(R) en M\u00e9xico.\",\"potentialAction\":[{\"@type\":\"SearchAction\",\"target\":{\"@type\":\"EntryPoint\",\"urlTemplate\":\"https:\/\/grupoasfin.com\/?s={search_term_string}\"},\"query-input\":{\"@type\":\"PropertyValueSpecification\",\"valueRequired\":true,\"valueName\":\"search_term_string\"}}],\"inLanguage\":\"en-US\"}]}<\/script>\n<!-- \/ Yoast SEO plugin. -->","yoast_head_json":{"title":"WATER FILTER STATIONS (EFIL) - Reactivos Floculantes y Equipos para la preparaci\u00f3n en M\u00e9xico-Asfin","robots":{"index":"index","follow":"follow","max-snippet":"max-snippet:-1","max-image-preview":"max-image-preview:large","max-video-preview":"max-video-preview:-1"},"canonical":"https:\/\/grupoasfin.com\/en\/water-filter-stations-efil\/","og_locale":"en_US","og_type":"article","og_title":"WATER FILTER STATIONS (EFIL) - Reactivos Floculantes y Equipos para la preparaci\u00f3n en M\u00e9xico-Asfin","og_description":"[vc_row][vc_column][vc_tta_accordion active_section=&#8221;1&#8243;][vc_tta_section title=&#8221;What is the capacity of the ASFLOC\u2122 model EFIL water filter stations?&#8221; tab_id=&#8221;1651020003125-78e666f6-b00c&#8221;][vc_column_text css=&#8221;.vc_custom_1658422800136{padding-bottom: 5px !important;}&#8221;]From 100 LPM to 1500 LPM.[\/vc_column_text][\/vc_tta_section][vc_tta_section title=&#8221;How many filters can be installed in an ASFLOC\u2122 model EFIL water filtration station?&#8221; tab_id=&#8221;1651020096245-53a50b1a-f708&#8243;][vc_column_text css=&#8221;.vc_custom_1658422819395{padding-bottom: 5px !important;}&#8221;]As required.[\/vc_column_text][\/vc_tta_section][vc_tta_section title=&#8221;What mesh can I use in the ASFLOC\u2122 EFIL model water filter stations?&#8221; &hellip; Continue reading WATER FILTER STATIONS (EFIL)","og_url":"https:\/\/grupoasfin.com\/en\/water-filter-stations-efil\/","og_site_name":"Reactivos Floculantes y Equipos para la preparaci\u00f3n en M\u00e9xico-Asfin","article_modified_time":"2024-11-06T22:45:07+00:00","twitter_card":"summary_large_image","twitter_misc":{"Est. reading time":"1 minute"},"schema":{"@context":"https:\/\/schema.org","@graph":[{"@type":"WebPage","@id":"https:\/\/grupoasfin.com\/en\/water-filter-stations-efil\/","url":"https:\/\/grupoasfin.com\/en\/water-filter-stations-efil\/","name":"WATER FILTER STATIONS (EFIL) - Reactivos Floculantes y Equipos para la preparaci\u00f3n en M\u00e9xico-Asfin","isPartOf":{"@id":"https:\/\/grupoasfin.com\/#website"},"datePublished":"2022-04-27T01:09:04+00:00","dateModified":"2024-11-06T22:45:07+00:00","breadcrumb":{"@id":"https:\/\/grupoasfin.com\/en\/water-filter-stations-efil\/#breadcrumb"},"inLanguage":"en-US","potentialAction":[{"@type":"ReadAction","target":["https:\/\/grupoasfin.com\/en\/water-filter-stations-efil\/"]}]},{"@type":"BreadcrumbList","@id":"https:\/\/grupoasfin.com\/en\/water-filter-stations-efil\/#breadcrumb","itemListElement":[{"@type":"ListItem","position":1,"name":"Portada","item":"https:\/\/grupoasfin.com\/en\/"},{"@type":"ListItem","position":2,"name":"WATER FILTER STATIONS (EFIL)"}]},{"@type":"WebSite","@id":"https:\/\/grupoasfin.com\/#website","url":"https:\/\/grupoasfin.com\/","name":"Reactivos Floculantes y Equipos para la preparaci\u00f3n en M\u00e9xico-Asfin","description":"Desde 1984 suministrando reactivos, equipos para preparaci\u00f3n de floculantes y servicios Asfloc(R) en M\u00e9xico.","potentialAction":[{"@type":"SearchAction","target":{"@type":"EntryPoint","urlTemplate":"https:\/\/grupoasfin.com\/?s={search_term_string}"},"query-input":{"@type":"PropertyValueSpecification","valueRequired":true,"valueName":"search_term_string"}}],"inLanguage":"en-US"}]}},"_links":{"self":[{"href":"https:\/\/grupoasfin.com\/en\/wp-json\/wp\/v2\/pages\/9074","targetHints":{"allow":["GET"]}}],"collection":[{"href":"https:\/\/grupoasfin.com\/en\/wp-json\/wp\/v2\/pages"}],"about":[{"href":"https:\/\/grupoasfin.com\/en\/wp-json\/wp\/v2\/types\/page"}],"author":[{"embeddable":true,"href":"https:\/\/grupoasfin.com\/en\/wp-json\/wp\/v2\/users\/1"}],"replies":[{"embeddable":true,"href":"https:\/\/grupoasfin.com\/en\/wp-json\/wp\/v2\/comments?post=9074"}],"version-history":[{"count":2,"href":"https:\/\/grupoasfin.com\/en\/wp-json\/wp\/v2\/pages\/9074\/revisions"}],"predecessor-version":[{"id":10351,"href":"https:\/\/grupoasfin.com\/en\/wp-json\/wp\/v2\/pages\/9074\/revisions\/10351"}],"wp:attachment":[{"href":"https:\/\/grupoasfin.com\/en\/wp-json\/wp\/v2\/media?parent=9074"}],"curies":[{"name":"wp","href":"https:\/\/api.w.org\/{rel}","templated":true}]}}