{"id":9072,"date":"2022-04-26T19:07:34","date_gmt":"2022-04-27T01:07:34","guid":{"rendered":"https:\/\/grupoasfin.com\/?page_id=9072"},"modified":"2022-07-21T11:25:50","modified_gmt":"2022-07-21T17:25:50","slug":"water-booster-pump-stations-ebb","status":"publish","type":"page","link":"https:\/\/grupoasfin.com\/en\/water-booster-pump-stations-ebb\/","title":{"rendered":"WATER BOOSTER PUMP STATIONS (EBB)"},"content":{"rendered":"<div class=\"wpb-content-wrapper\"><p>[vc_row][vc_column]<h2 style=\"text-align:center;font-size:36px;line-height:1.2;color:#101e8e;\" class=\"ts-custom-heading vc_custom_1658422507655\" ><strong>WATER BOOSTER PUMP STATIONS (EBB)<\/strong><\/h2>\n[vc_tta_accordion active_section=&#8221;1&#8243;][vc_tta_section title=&#8221;What flow rates are handled by the water booster pumps installed in ASFLOC\u2122 brand stations?&#8221; tab_id=&#8221;1651019793805-4f73b5a9-6bbb&#8221;][vc_column_text css=&#8221;.vc_custom_1658422526503{padding-bottom: 5px !important;}&#8221;]From 50 LPM to 1000 LPM.[\/vc_column_text][\/vc_tta_section][vc_tta_section title=&#8221;How many booster pumps can be installed in an ASFLOC\u2122 model EBB water booster pump station?&#8221; tab_id=&#8221;1651019861369-d0f416b8-b2da&#8221;][vc_column_text css=&#8221;.vc_custom_1658422544861{padding-bottom: 5px !important;}&#8221;]As required.[\/vc_column_text][\/vc_tta_section][vc_tta_section title=&#8221;Can ASFLOC\u2122 model EBB water booster pump stations be linked to a control room?&#8221; tab_id=&#8221;1651019860745-33a936d4-a069&#8243;][vc_column_text css=&#8221;.vc_custom_1658422566725{padding-bottom: 5px !important;}&#8221;]All our stations can be linked.[\/vc_column_text][\/vc_tta_section][vc_tta_section title=&#8221;How far away is the ASFLOC\u2122 model EBB water booster pump station recommended to be installed from its source?&#8221; tab_id=&#8221;1651019858717-483a342b-a6c3&#8243;][vc_column_text css=&#8221;.vc_custom_1658422614160{padding-bottom: 5px !important;}&#8221;]At a distance no greater than 1.2 m.[\/vc_column_text][\/vc_tta_section][vc_tta_section title=&#8221;What type of booster pumps are they?&#8221; tab_id=&#8221;1651019858002-6320727c-c111&#8243;][vc_column_text css=&#8221;.vc_custom_1658422645301{padding-bottom: 5px !important;}&#8221;]They are vertical multistage centrifugal pumps.[\/vc_column_text][\/vc_tta_section][\/vc_tta_accordion][\/vc_column][\/vc_row]<\/p>\n<\/div>","protected":false},"excerpt":{"rendered":"<p>[vc_row][vc_column][vc_tta_accordion active_section=&#8221;1&#8243;][vc_tta_section title=&#8221;What flow rates are handled by the water booster pumps installed in ASFLOC\u2122 brand stations?&#8221; tab_id=&#8221;1651019793805-4f73b5a9-6bbb&#8221;][vc_column_text css=&#8221;.vc_custom_1658422526503{padding-bottom: 5px !important;}&#8221;]From 50 LPM to 1000 LPM.[\/vc_column_text][\/vc_tta_section][vc_tta_section title=&#8221;How many booster pumps can be installed in an ASFLOC\u2122 model EBB water booster pump station?&#8221; tab_id=&#8221;1651019861369-d0f416b8-b2da&#8221;][vc_column_text css=&#8221;.vc_custom_1658422544861{padding-bottom: 5px !important;}&#8221;]As required.[\/vc_column_text][\/vc_tta_section][vc_tta_section title=&#8221;Can ASFLOC\u2122 model EBB water booster pump stations &hellip; <a href=\"https:\/\/grupoasfin.com\/en\/water-booster-pump-stations-ebb\/\" class=\"more-link\">Continue reading <span class=\"screen-reader-text\">WATER BOOSTER PUMP STATIONS (EBB)<\/span><\/a><\/p>\n","protected":false},"author":1,"featured_media":0,"parent":0,"menu_order":2,"comment_status":"closed","ping_status":"closed","template":"","meta":{"_vp_format_video_url":"","_vp_image_focal_point":[],"footnotes":""},"class_list":["post-9072","page","type-page","status-publish","hentry"],"yoast_head":"<!-- This site is optimized with the Yoast SEO plugin v27.2 - https:\/\/yoast.com\/product\/yoast-seo-wordpress\/ -->\n<title>WATER BOOSTER PUMP STATIONS (EBB) - Reactivos Floculantes y Equipos para la preparaci\u00f3n en M\u00e9xico-Asfin<\/title>\n<meta name=\"robots\" content=\"index, follow, max-snippet:-1, max-image-preview:large, max-video-preview:-1\" \/>\n<link rel=\"canonical\" href=\"https:\/\/grupoasfin.com\/en\/water-booster-pump-stations-ebb\/\" \/>\n<meta property=\"og:locale\" content=\"en_US\" \/>\n<meta property=\"og:type\" content=\"article\" \/>\n<meta property=\"og:title\" content=\"WATER BOOSTER PUMP STATIONS (EBB) - Reactivos Floculantes y Equipos para la preparaci\u00f3n en M\u00e9xico-Asfin\" \/>\n<meta property=\"og:description\" content=\"[vc_row][vc_column][vc_tta_accordion active_section=&#8221;1&#8243;][vc_tta_section title=&#8221;What flow rates are handled by the water booster pumps installed in ASFLOC\u2122 brand stations?&#8221; tab_id=&#8221;1651019793805-4f73b5a9-6bbb&#8221;][vc_column_text css=&#8221;.vc_custom_1658422526503{padding-bottom: 5px !important;}&#8221;]From 50 LPM to 1000 LPM.[\/vc_column_text][\/vc_tta_section][vc_tta_section title=&#8221;How many booster pumps can be installed in an ASFLOC\u2122 model EBB water booster pump station?&#8221; tab_id=&#8221;1651019861369-d0f416b8-b2da&#8221;][vc_column_text css=&#8221;.vc_custom_1658422544861{padding-bottom: 5px !important;}&#8221;]As required.[\/vc_column_text][\/vc_tta_section][vc_tta_section title=&#8221;Can ASFLOC\u2122 model EBB water booster pump stations &hellip; Continue reading WATER BOOSTER PUMP STATIONS (EBB)\" \/>\n<meta property=\"og:url\" content=\"https:\/\/grupoasfin.com\/en\/water-booster-pump-stations-ebb\/\" \/>\n<meta property=\"og:site_name\" content=\"Reactivos Floculantes y Equipos para la preparaci\u00f3n en M\u00e9xico-Asfin\" \/>\n<meta property=\"article:modified_time\" content=\"2022-07-21T17:25:50+00:00\" \/>\n<meta name=\"twitter:card\" content=\"summary_large_image\" \/>\n<meta name=\"twitter:label1\" content=\"Est. reading time\" \/>\n\t<meta name=\"twitter:data1\" content=\"1 minute\" \/>\n<script type=\"application\/ld+json\" class=\"yoast-schema-graph\">{\"@context\":\"https:\/\/schema.org\",\"@graph\":[{\"@type\":\"WebPage\",\"@id\":\"https:\/\/grupoasfin.com\/en\/water-booster-pump-stations-ebb\/\",\"url\":\"https:\/\/grupoasfin.com\/en\/water-booster-pump-stations-ebb\/\",\"name\":\"WATER BOOSTER PUMP STATIONS (EBB) - Reactivos Floculantes y Equipos para la preparaci\u00f3n en M\u00e9xico-Asfin\",\"isPartOf\":{\"@id\":\"https:\/\/grupoasfin.com\/#website\"},\"datePublished\":\"2022-04-27T01:07:34+00:00\",\"dateModified\":\"2022-07-21T17:25:50+00:00\",\"breadcrumb\":{\"@id\":\"https:\/\/grupoasfin.com\/en\/water-booster-pump-stations-ebb\/#breadcrumb\"},\"inLanguage\":\"en-US\",\"potentialAction\":[{\"@type\":\"ReadAction\",\"target\":[\"https:\/\/grupoasfin.com\/en\/water-booster-pump-stations-ebb\/\"]}]},{\"@type\":\"BreadcrumbList\",\"@id\":\"https:\/\/grupoasfin.com\/en\/water-booster-pump-stations-ebb\/#breadcrumb\",\"itemListElement\":[{\"@type\":\"ListItem\",\"position\":1,\"name\":\"Portada\",\"item\":\"https:\/\/grupoasfin.com\/en\/\"},{\"@type\":\"ListItem\",\"position\":2,\"name\":\"WATER BOOSTER PUMP STATIONS (EBB)\"}]},{\"@type\":\"WebSite\",\"@id\":\"https:\/\/grupoasfin.com\/#website\",\"url\":\"https:\/\/grupoasfin.com\/\",\"name\":\"Reactivos Floculantes y Equipos para la preparaci\u00f3n en M\u00e9xico-Asfin\",\"description\":\"Desde 1984 suministrando reactivos, equipos para preparaci\u00f3n de floculantes y servicios Asfloc(R) en M\u00e9xico.\",\"potentialAction\":[{\"@type\":\"SearchAction\",\"target\":{\"@type\":\"EntryPoint\",\"urlTemplate\":\"https:\/\/grupoasfin.com\/?s={search_term_string}\"},\"query-input\":{\"@type\":\"PropertyValueSpecification\",\"valueRequired\":true,\"valueName\":\"search_term_string\"}}],\"inLanguage\":\"en-US\"}]}<\/script>\n<!-- \/ Yoast SEO plugin. -->","yoast_head_json":{"title":"WATER BOOSTER PUMP STATIONS (EBB) - Reactivos Floculantes y Equipos para la preparaci\u00f3n en M\u00e9xico-Asfin","robots":{"index":"index","follow":"follow","max-snippet":"max-snippet:-1","max-image-preview":"max-image-preview:large","max-video-preview":"max-video-preview:-1"},"canonical":"https:\/\/grupoasfin.com\/en\/water-booster-pump-stations-ebb\/","og_locale":"en_US","og_type":"article","og_title":"WATER BOOSTER PUMP STATIONS (EBB) - Reactivos Floculantes y Equipos para la preparaci\u00f3n en M\u00e9xico-Asfin","og_description":"[vc_row][vc_column][vc_tta_accordion active_section=&#8221;1&#8243;][vc_tta_section title=&#8221;What flow rates are handled by the water booster pumps installed in ASFLOC\u2122 brand stations?&#8221; tab_id=&#8221;1651019793805-4f73b5a9-6bbb&#8221;][vc_column_text css=&#8221;.vc_custom_1658422526503{padding-bottom: 5px !important;}&#8221;]From 50 LPM to 1000 LPM.[\/vc_column_text][\/vc_tta_section][vc_tta_section title=&#8221;How many booster pumps can be installed in an ASFLOC\u2122 model EBB water booster pump station?&#8221; tab_id=&#8221;1651019861369-d0f416b8-b2da&#8221;][vc_column_text css=&#8221;.vc_custom_1658422544861{padding-bottom: 5px !important;}&#8221;]As required.[\/vc_column_text][\/vc_tta_section][vc_tta_section title=&#8221;Can ASFLOC\u2122 model EBB water booster pump stations &hellip; Continue reading WATER BOOSTER PUMP STATIONS (EBB)","og_url":"https:\/\/grupoasfin.com\/en\/water-booster-pump-stations-ebb\/","og_site_name":"Reactivos Floculantes y Equipos para la preparaci\u00f3n en M\u00e9xico-Asfin","article_modified_time":"2022-07-21T17:25:50+00:00","twitter_card":"summary_large_image","twitter_misc":{"Est. reading time":"1 minute"},"schema":{"@context":"https:\/\/schema.org","@graph":[{"@type":"WebPage","@id":"https:\/\/grupoasfin.com\/en\/water-booster-pump-stations-ebb\/","url":"https:\/\/grupoasfin.com\/en\/water-booster-pump-stations-ebb\/","name":"WATER BOOSTER PUMP STATIONS (EBB) - Reactivos Floculantes y Equipos para la preparaci\u00f3n en M\u00e9xico-Asfin","isPartOf":{"@id":"https:\/\/grupoasfin.com\/#website"},"datePublished":"2022-04-27T01:07:34+00:00","dateModified":"2022-07-21T17:25:50+00:00","breadcrumb":{"@id":"https:\/\/grupoasfin.com\/en\/water-booster-pump-stations-ebb\/#breadcrumb"},"inLanguage":"en-US","potentialAction":[{"@type":"ReadAction","target":["https:\/\/grupoasfin.com\/en\/water-booster-pump-stations-ebb\/"]}]},{"@type":"BreadcrumbList","@id":"https:\/\/grupoasfin.com\/en\/water-booster-pump-stations-ebb\/#breadcrumb","itemListElement":[{"@type":"ListItem","position":1,"name":"Portada","item":"https:\/\/grupoasfin.com\/en\/"},{"@type":"ListItem","position":2,"name":"WATER BOOSTER PUMP STATIONS (EBB)"}]},{"@type":"WebSite","@id":"https:\/\/grupoasfin.com\/#website","url":"https:\/\/grupoasfin.com\/","name":"Reactivos Floculantes y Equipos para la preparaci\u00f3n en M\u00e9xico-Asfin","description":"Desde 1984 suministrando reactivos, equipos para preparaci\u00f3n de floculantes y servicios Asfloc(R) en M\u00e9xico.","potentialAction":[{"@type":"SearchAction","target":{"@type":"EntryPoint","urlTemplate":"https:\/\/grupoasfin.com\/?s={search_term_string}"},"query-input":{"@type":"PropertyValueSpecification","valueRequired":true,"valueName":"search_term_string"}}],"inLanguage":"en-US"}]}},"_links":{"self":[{"href":"https:\/\/grupoasfin.com\/en\/wp-json\/wp\/v2\/pages\/9072","targetHints":{"allow":["GET"]}}],"collection":[{"href":"https:\/\/grupoasfin.com\/en\/wp-json\/wp\/v2\/pages"}],"about":[{"href":"https:\/\/grupoasfin.com\/en\/wp-json\/wp\/v2\/types\/page"}],"author":[{"embeddable":true,"href":"https:\/\/grupoasfin.com\/en\/wp-json\/wp\/v2\/users\/1"}],"replies":[{"embeddable":true,"href":"https:\/\/grupoasfin.com\/en\/wp-json\/wp\/v2\/comments?post=9072"}],"version-history":[{"count":1,"href":"https:\/\/grupoasfin.com\/en\/wp-json\/wp\/v2\/pages\/9072\/revisions"}],"predecessor-version":[{"id":9073,"href":"https:\/\/grupoasfin.com\/en\/wp-json\/wp\/v2\/pages\/9072\/revisions\/9073"}],"wp:attachment":[{"href":"https:\/\/grupoasfin.com\/en\/wp-json\/wp\/v2\/media?parent=9072"}],"curies":[{"name":"wp","href":"https:\/\/api.w.org\/{rel}","templated":true}]}}