{"id":9068,"date":"2022-04-26T19:03:11","date_gmt":"2022-04-27T01:03:11","guid":{"rendered":"https:\/\/grupoasfin.com\/?page_id=9068"},"modified":"2022-07-21T11:25:31","modified_gmt":"2022-07-21T17:25:31","slug":"dosing-units-and-platforms-udos-and-pdos","status":"publish","type":"page","link":"https:\/\/grupoasfin.com\/en\/dosing-units-and-platforms-udos-and-pdos\/","title":{"rendered":"DOSING UNITS AND PLATFORMS (UDOS AND PDOS)"},"content":{"rendered":"<div class=\"wpb-content-wrapper\"><p>[vc_row][vc_column]<h2 style=\"text-align:center;font-size:36px;line-height:1.2;color:#101e8e;\" class=\"ts-custom-heading vc_custom_1658422239838\" ><strong>DOSING UNITS AND PLATFORMS (UDOS AND PDOS)<\/strong><\/h2>\n[vc_tta_accordion active_section=&#8221;1&#8243;][vc_tta_section title=&#8221;What is the capacity of ASFLOC\u2122 dosing equipment?&#8221; tab_id=&#8221;1651019369133-59d94140-0eeb&#8221;][vc_column_text css=&#8221;.vc_custom_1658422262515{padding-bottom: 5px !important;}&#8221;]From 0.1 LPM to 1000 LPM.[\/vc_column_text][\/vc_tta_section][vc_tta_section title=&#8221;Can ASFLOC\u2122 brand metering units and platforms be linked to a control room?&#8221; tab_id=&#8221;1651019434232-91f44ae6-9faf&#8221;][vc_column_text css=&#8221;.vc_custom_1658422283600{padding-bottom: 5px !important;}&#8221;]All our dosing equipment can be linked[\/vc_column_text][\/vc_tta_section][vc_tta_section title=&#8221;What flocculant concentrations can ASFLOC\u2122 dosing units and platforms handle?&#8221; tab_id=&#8221;1651019430014-6c43d5bf-a3d0&#8243;][vc_column_text css=&#8221;.vc_custom_1658422302912{padding-bottom: 5px !important;}&#8221;]There is really no restriction. However, they typically operate between 0.05% and 0.35% which is the range in which the ASFLOC\u2122 polymer is prepared in the Flocculant Preparation Equipment.[\/vc_column_text][\/vc_tta_section][vc_tta_section title=&#8221;How many panels do the ASFLOC\u2122 dosing platforms have?&#8221; tab_id=&#8221;1651019429530-1a57ebbe-d730&#8243;][vc_column_text css=&#8221;.vc_custom_1658422332193{padding-bottom: 5px !important;}&#8221;]One for each dosing pump.[\/vc_column_text][\/vc_tta_section][vc_tta_section title=&#8221;How should dosing equipment be selected?&#8221; tab_id=&#8221;1651019428717-f8571185-a8dc&#8221;][vc_column_text css=&#8221;.vc_custom_1658422354992{padding-bottom: 5px !important;}&#8221;]It should always be oversized. A minimum of 50% is recommended so that the equipment works more smoothly and does not undergo so much wear and tear.[\/vc_column_text][\/vc_tta_section][\/vc_tta_accordion][\/vc_column][\/vc_row]<\/p>\n<\/div>","protected":false},"excerpt":{"rendered":"<p>[vc_row][vc_column][vc_tta_accordion active_section=&#8221;1&#8243;][vc_tta_section title=&#8221;What is the capacity of ASFLOC\u2122 dosing equipment?&#8221; tab_id=&#8221;1651019369133-59d94140-0eeb&#8221;][vc_column_text css=&#8221;.vc_custom_1658422262515{padding-bottom: 5px !important;}&#8221;]From 0.1 LPM to 1000 LPM.[\/vc_column_text][\/vc_tta_section][vc_tta_section title=&#8221;Can ASFLOC\u2122 brand metering units and platforms be linked to a control room?&#8221; tab_id=&#8221;1651019434232-91f44ae6-9faf&#8221;][vc_column_text css=&#8221;.vc_custom_1658422283600{padding-bottom: 5px !important;}&#8221;]All our dosing equipment can be linked[\/vc_column_text][\/vc_tta_section][vc_tta_section title=&#8221;What flocculant concentrations can ASFLOC\u2122 dosing units and platforms handle?&#8221; tab_id=&#8221;1651019430014-6c43d5bf-a3d0&#8243;][vc_column_text css=&#8221;.vc_custom_1658422302912{padding-bottom: 5px &hellip; <a href=\"https:\/\/grupoasfin.com\/en\/dosing-units-and-platforms-udos-and-pdos\/\" class=\"more-link\">Continue reading <span class=\"screen-reader-text\">DOSING UNITS AND PLATFORMS (UDOS AND PDOS)<\/span><\/a><\/p>\n","protected":false},"author":1,"featured_media":0,"parent":0,"menu_order":2,"comment_status":"closed","ping_status":"closed","template":"","meta":{"_vp_format_video_url":"","_vp_image_focal_point":[],"footnotes":""},"class_list":["post-9068","page","type-page","status-publish","hentry"],"yoast_head":"<!-- This site is optimized with the Yoast SEO plugin v27.2 - https:\/\/yoast.com\/product\/yoast-seo-wordpress\/ -->\n<title>DOSING UNITS AND PLATFORMS (UDOS AND PDOS) - Reactivos Floculantes y Equipos para la preparaci\u00f3n en M\u00e9xico-Asfin<\/title>\n<meta name=\"robots\" content=\"index, follow, max-snippet:-1, max-image-preview:large, max-video-preview:-1\" \/>\n<link rel=\"canonical\" href=\"https:\/\/grupoasfin.com\/en\/dosing-units-and-platforms-udos-and-pdos\/\" \/>\n<meta property=\"og:locale\" content=\"en_US\" \/>\n<meta property=\"og:type\" content=\"article\" \/>\n<meta property=\"og:title\" content=\"DOSING UNITS AND PLATFORMS (UDOS AND PDOS) - Reactivos Floculantes y Equipos para la preparaci\u00f3n en M\u00e9xico-Asfin\" \/>\n<meta property=\"og:description\" content=\"[vc_row][vc_column][vc_tta_accordion active_section=&#8221;1&#8243;][vc_tta_section title=&#8221;What is the capacity of ASFLOC\u2122 dosing equipment?&#8221; tab_id=&#8221;1651019369133-59d94140-0eeb&#8221;][vc_column_text css=&#8221;.vc_custom_1658422262515{padding-bottom: 5px !important;}&#8221;]From 0.1 LPM to 1000 LPM.[\/vc_column_text][\/vc_tta_section][vc_tta_section title=&#8221;Can ASFLOC\u2122 brand metering units and platforms be linked to a control room?&#8221; tab_id=&#8221;1651019434232-91f44ae6-9faf&#8221;][vc_column_text css=&#8221;.vc_custom_1658422283600{padding-bottom: 5px !important;}&#8221;]All our dosing equipment can be linked[\/vc_column_text][\/vc_tta_section][vc_tta_section title=&#8221;What flocculant concentrations can ASFLOC\u2122 dosing units and platforms handle?&#8221; tab_id=&#8221;1651019430014-6c43d5bf-a3d0&#8243;][vc_column_text css=&#8221;.vc_custom_1658422302912{padding-bottom: 5px &hellip; Continue reading DOSING UNITS AND PLATFORMS (UDOS AND PDOS)\" \/>\n<meta property=\"og:url\" content=\"https:\/\/grupoasfin.com\/en\/dosing-units-and-platforms-udos-and-pdos\/\" \/>\n<meta property=\"og:site_name\" content=\"Reactivos Floculantes y Equipos para la preparaci\u00f3n en M\u00e9xico-Asfin\" \/>\n<meta property=\"article:modified_time\" content=\"2022-07-21T17:25:31+00:00\" \/>\n<meta name=\"twitter:card\" content=\"summary_large_image\" \/>\n<meta name=\"twitter:label1\" content=\"Est. reading time\" \/>\n\t<meta name=\"twitter:data1\" content=\"1 minute\" \/>\n<script type=\"application\/ld+json\" class=\"yoast-schema-graph\">{\"@context\":\"https:\/\/schema.org\",\"@graph\":[{\"@type\":\"WebPage\",\"@id\":\"https:\/\/grupoasfin.com\/en\/dosing-units-and-platforms-udos-and-pdos\/\",\"url\":\"https:\/\/grupoasfin.com\/en\/dosing-units-and-platforms-udos-and-pdos\/\",\"name\":\"DOSING UNITS AND PLATFORMS (UDOS AND PDOS) - Reactivos Floculantes y Equipos para la preparaci\u00f3n en M\u00e9xico-Asfin\",\"isPartOf\":{\"@id\":\"https:\/\/grupoasfin.com\/#website\"},\"datePublished\":\"2022-04-27T01:03:11+00:00\",\"dateModified\":\"2022-07-21T17:25:31+00:00\",\"breadcrumb\":{\"@id\":\"https:\/\/grupoasfin.com\/en\/dosing-units-and-platforms-udos-and-pdos\/#breadcrumb\"},\"inLanguage\":\"en-US\",\"potentialAction\":[{\"@type\":\"ReadAction\",\"target\":[\"https:\/\/grupoasfin.com\/en\/dosing-units-and-platforms-udos-and-pdos\/\"]}]},{\"@type\":\"BreadcrumbList\",\"@id\":\"https:\/\/grupoasfin.com\/en\/dosing-units-and-platforms-udos-and-pdos\/#breadcrumb\",\"itemListElement\":[{\"@type\":\"ListItem\",\"position\":1,\"name\":\"Portada\",\"item\":\"https:\/\/grupoasfin.com\/en\/\"},{\"@type\":\"ListItem\",\"position\":2,\"name\":\"DOSING UNITS AND PLATFORMS (UDOS AND PDOS)\"}]},{\"@type\":\"WebSite\",\"@id\":\"https:\/\/grupoasfin.com\/#website\",\"url\":\"https:\/\/grupoasfin.com\/\",\"name\":\"Reactivos Floculantes y Equipos para la preparaci\u00f3n en M\u00e9xico-Asfin\",\"description\":\"Desde 1984 suministrando reactivos, equipos para preparaci\u00f3n de floculantes y servicios Asfloc(R) en M\u00e9xico.\",\"potentialAction\":[{\"@type\":\"SearchAction\",\"target\":{\"@type\":\"EntryPoint\",\"urlTemplate\":\"https:\/\/grupoasfin.com\/?s={search_term_string}\"},\"query-input\":{\"@type\":\"PropertyValueSpecification\",\"valueRequired\":true,\"valueName\":\"search_term_string\"}}],\"inLanguage\":\"en-US\"}]}<\/script>\n<!-- \/ Yoast SEO plugin. -->","yoast_head_json":{"title":"DOSING UNITS AND PLATFORMS (UDOS AND PDOS) - Reactivos Floculantes y Equipos para la preparaci\u00f3n en M\u00e9xico-Asfin","robots":{"index":"index","follow":"follow","max-snippet":"max-snippet:-1","max-image-preview":"max-image-preview:large","max-video-preview":"max-video-preview:-1"},"canonical":"https:\/\/grupoasfin.com\/en\/dosing-units-and-platforms-udos-and-pdos\/","og_locale":"en_US","og_type":"article","og_title":"DOSING UNITS AND PLATFORMS (UDOS AND PDOS) - Reactivos Floculantes y Equipos para la preparaci\u00f3n en M\u00e9xico-Asfin","og_description":"[vc_row][vc_column][vc_tta_accordion active_section=&#8221;1&#8243;][vc_tta_section title=&#8221;What is the capacity of ASFLOC\u2122 dosing equipment?&#8221; tab_id=&#8221;1651019369133-59d94140-0eeb&#8221;][vc_column_text css=&#8221;.vc_custom_1658422262515{padding-bottom: 5px !important;}&#8221;]From 0.1 LPM to 1000 LPM.[\/vc_column_text][\/vc_tta_section][vc_tta_section title=&#8221;Can ASFLOC\u2122 brand metering units and platforms be linked to a control room?&#8221; tab_id=&#8221;1651019434232-91f44ae6-9faf&#8221;][vc_column_text css=&#8221;.vc_custom_1658422283600{padding-bottom: 5px !important;}&#8221;]All our dosing equipment can be linked[\/vc_column_text][\/vc_tta_section][vc_tta_section title=&#8221;What flocculant concentrations can ASFLOC\u2122 dosing units and platforms handle?&#8221; tab_id=&#8221;1651019430014-6c43d5bf-a3d0&#8243;][vc_column_text css=&#8221;.vc_custom_1658422302912{padding-bottom: 5px &hellip; Continue reading DOSING UNITS AND PLATFORMS (UDOS AND PDOS)","og_url":"https:\/\/grupoasfin.com\/en\/dosing-units-and-platforms-udos-and-pdos\/","og_site_name":"Reactivos Floculantes y Equipos para la preparaci\u00f3n en M\u00e9xico-Asfin","article_modified_time":"2022-07-21T17:25:31+00:00","twitter_card":"summary_large_image","twitter_misc":{"Est. reading time":"1 minute"},"schema":{"@context":"https:\/\/schema.org","@graph":[{"@type":"WebPage","@id":"https:\/\/grupoasfin.com\/en\/dosing-units-and-platforms-udos-and-pdos\/","url":"https:\/\/grupoasfin.com\/en\/dosing-units-and-platforms-udos-and-pdos\/","name":"DOSING UNITS AND PLATFORMS (UDOS AND PDOS) - Reactivos Floculantes y Equipos para la preparaci\u00f3n en M\u00e9xico-Asfin","isPartOf":{"@id":"https:\/\/grupoasfin.com\/#website"},"datePublished":"2022-04-27T01:03:11+00:00","dateModified":"2022-07-21T17:25:31+00:00","breadcrumb":{"@id":"https:\/\/grupoasfin.com\/en\/dosing-units-and-platforms-udos-and-pdos\/#breadcrumb"},"inLanguage":"en-US","potentialAction":[{"@type":"ReadAction","target":["https:\/\/grupoasfin.com\/en\/dosing-units-and-platforms-udos-and-pdos\/"]}]},{"@type":"BreadcrumbList","@id":"https:\/\/grupoasfin.com\/en\/dosing-units-and-platforms-udos-and-pdos\/#breadcrumb","itemListElement":[{"@type":"ListItem","position":1,"name":"Portada","item":"https:\/\/grupoasfin.com\/en\/"},{"@type":"ListItem","position":2,"name":"DOSING UNITS AND PLATFORMS (UDOS AND PDOS)"}]},{"@type":"WebSite","@id":"https:\/\/grupoasfin.com\/#website","url":"https:\/\/grupoasfin.com\/","name":"Reactivos Floculantes y Equipos para la preparaci\u00f3n en M\u00e9xico-Asfin","description":"Desde 1984 suministrando reactivos, equipos para preparaci\u00f3n de floculantes y servicios Asfloc(R) en M\u00e9xico.","potentialAction":[{"@type":"SearchAction","target":{"@type":"EntryPoint","urlTemplate":"https:\/\/grupoasfin.com\/?s={search_term_string}"},"query-input":{"@type":"PropertyValueSpecification","valueRequired":true,"valueName":"search_term_string"}}],"inLanguage":"en-US"}]}},"_links":{"self":[{"href":"https:\/\/grupoasfin.com\/en\/wp-json\/wp\/v2\/pages\/9068","targetHints":{"allow":["GET"]}}],"collection":[{"href":"https:\/\/grupoasfin.com\/en\/wp-json\/wp\/v2\/pages"}],"about":[{"href":"https:\/\/grupoasfin.com\/en\/wp-json\/wp\/v2\/types\/page"}],"author":[{"embeddable":true,"href":"https:\/\/grupoasfin.com\/en\/wp-json\/wp\/v2\/users\/1"}],"replies":[{"embeddable":true,"href":"https:\/\/grupoasfin.com\/en\/wp-json\/wp\/v2\/comments?post=9068"}],"version-history":[{"count":2,"href":"https:\/\/grupoasfin.com\/en\/wp-json\/wp\/v2\/pages\/9068\/revisions"}],"predecessor-version":[{"id":9070,"href":"https:\/\/grupoasfin.com\/en\/wp-json\/wp\/v2\/pages\/9068\/revisions\/9070"}],"wp:attachment":[{"href":"https:\/\/grupoasfin.com\/en\/wp-json\/wp\/v2\/media?parent=9068"}],"curies":[{"name":"wp","href":"https:\/\/api.w.org\/{rel}","templated":true}]}}