{"id":9064,"date":"2022-04-26T18:56:20","date_gmt":"2022-04-27T00:56:20","guid":{"rendered":"https:\/\/grupoasfin.com\/?page_id=9064"},"modified":"2024-11-06T16:46:53","modified_gmt":"2024-11-06T22:46:53","slug":"flocculant-preparation-equipment-epf","status":"publish","type":"page","link":"https:\/\/grupoasfin.com\/en\/flocculant-preparation-equipment-epf\/","title":{"rendered":"Flocculant Preparation Equipment (EPF)"},"content":{"rendered":"<div class=\"wpb-content-wrapper\"><p>[vc_row][vc_column]<h2 style=\"text-align:center;font-size:36px;line-height:1.2;color:#101e8e;\" class=\"ts-custom-heading vc_custom_1658421844206\" ><strong>FLOCCULANT PREPARATION EQUIPMENT (EPF)<\/strong><\/h2>\n[vc_tta_accordion active_section=&#8221;1&#8243;][vc_tta_section title=&#8221;What is a Flocculant Preparation Equipment (FPE)?&#8221; tab_id=&#8221;1651018310163-7ac12ff7-a98e&#8221;][vc_column_text css=&#8221;.vc_custom_1658421868856{padding-bottom: 5px !important;}&#8221;]It is an equipment designed to prepare the solid flocculant correctly at a pre-established concentration.[\/vc_column_text][\/vc_tta_section][vc_tta_section title=&#8221;Does the ASFLOC\u2122 Flocculant Preparation Equipment operate automatically or manually?&#8221; tab_id=&#8221;1651018574837-032bda17-9ef7&#8243;][vc_column_text css=&#8221;.vc_custom_1658421889671{padding-bottom: 5px !important;}&#8221;]Its operation is fully automatic. The desired concentration is set in the PLC and can vary between 0.05% and 0.35%.[\/vc_column_text][\/vc_tta_section][vc_tta_section title=&#8221;What kind of Flocculant Preparation Equipment do we offer?&#8221; tab_id=&#8221;1651018574618-fc9aaefb-cd7f&#8221;][vc_column_text css=&#8221;.vc_custom_1661202123508{padding-bottom: 5px !important;}&#8221;]Of alternating tanks and in-line tanks.[\/vc_column_text][\/vc_tta_section][vc_tta_section title=&#8221;What is the capacity of the ASFLOC\u2122 Flocculant Preparation Equipment for in-line tanks?&#8221; tab_id=&#8221;1651018574210-2dd6aae7-469b&#8221;][vc_column_text css=&#8221;.vc_custom_1730933204081{padding-bottom: 5px !important;}&#8221;]Of 50 LPM, 100 LPM, 150 LPM and 250 LPM.[\/vc_column_text][\/vc_tta_section][vc_tta_section title=&#8221;What type of bags can ASFLOC\u2122 Flocculant Preparation Equipment receive?&#8221; tab_id=&#8221;1651018573758-e32103d7-751c&#8221;][vc_column_text css=&#8221;.vc_custom_1658421964523{padding-bottom: 5px !important;}&#8221;]25 kg bags, 750 kg and 1000 kg super bags.[\/vc_column_text][\/vc_tta_section][vc_tta_section title=&#8221;What distance should there be between the humidification unit and the preparation tank?&#8221; tab_id=&#8221;1651018573248-f05ddf11-4617&#8243;][vc_column_text css=&#8221;.vc_custom_1658421986185{padding-bottom: 5px !important;}&#8221;]1.5 m maximum.[\/vc_column_text][\/vc_tta_section][vc_tta_section title=&#8221;Can ASFLOC\u2122 Flocculant Preparation Equipment be linked to a control room?&#8221; tab_id=&#8221;1651018572497-1b83fee2-76f5&#8243;][vc_column_text css=&#8221;.vc_custom_1658422008881{padding-bottom: 5px !important;}&#8221;]All our EPFs can be linked, except EPFCL25SUH.[\/vc_column_text][\/vc_tta_section][vc_tta_section title=&#8221;Is it complicated to operate an ASFLOC\u2122 brand EPF?&#8221; tab_id=&#8221;1651018570591-a0f31f3d-2005&#8243;][vc_column_text css=&#8221;.vc_custom_1658422032291{padding-bottom: 5px !important;}&#8221;]No, simply turn the equipment on, select automatic mode and set the PLC to the required preparation concentration. Also, ensure the supply of ASFLOC\u2122 flocculant.[\/vc_column_text][\/vc_tta_section][vc_tta_section title=&#8221;How often should an ASFLOC\u2122 brand EPF receive maintenance?&#8221; tab_id=&#8221;1651018844948-a4a5dac0-9eb7&#8243;][vc_column_text css=&#8221;.vc_custom_1658422053762{padding-bottom: 5px !important;}&#8221;]At the most every 18 months and at least every 6 months. Preventive maintenance is recommended once a year.[\/vc_column_text][\/vc_tta_section][\/vc_tta_accordion][\/vc_column][\/vc_row]<\/p>\n<\/div>","protected":false},"excerpt":{"rendered":"<p>[vc_row][vc_column][vc_tta_accordion active_section=&#8221;1&#8243;][vc_tta_section title=&#8221;What is a Flocculant Preparation Equipment (FPE)?&#8221; tab_id=&#8221;1651018310163-7ac12ff7-a98e&#8221;][vc_column_text css=&#8221;.vc_custom_1658421868856{padding-bottom: 5px !important;}&#8221;]It is an equipment designed to prepare the solid flocculant correctly at a pre-established concentration.[\/vc_column_text][\/vc_tta_section][vc_tta_section title=&#8221;Does the ASFLOC\u2122 Flocculant Preparation Equipment operate automatically or manually?&#8221; tab_id=&#8221;1651018574837-032bda17-9ef7&#8243;][vc_column_text css=&#8221;.vc_custom_1658421889671{padding-bottom: 5px !important;}&#8221;]Its operation is fully automatic. The desired concentration is set in the PLC and can &hellip; <a href=\"https:\/\/grupoasfin.com\/en\/flocculant-preparation-equipment-epf\/\" class=\"more-link\">Continue reading <span class=\"screen-reader-text\">Flocculant Preparation Equipment (EPF)<\/span><\/a><\/p>\n","protected":false},"author":1,"featured_media":0,"parent":0,"menu_order":2,"comment_status":"closed","ping_status":"closed","template":"","meta":{"_vp_format_video_url":"","_vp_image_focal_point":[],"footnotes":""},"class_list":["post-9064","page","type-page","status-publish","hentry"],"yoast_head":"<!-- This site is optimized with the Yoast SEO plugin v27.2 - https:\/\/yoast.com\/product\/yoast-seo-wordpress\/ -->\n<title>Flocculant Preparation Equipment (EPF) - Reactivos Floculantes y Equipos para la preparaci\u00f3n en M\u00e9xico-Asfin<\/title>\n<meta name=\"robots\" content=\"index, follow, max-snippet:-1, max-image-preview:large, max-video-preview:-1\" \/>\n<link rel=\"canonical\" href=\"https:\/\/grupoasfin.com\/en\/flocculant-preparation-equipment-epf\/\" \/>\n<meta property=\"og:locale\" content=\"en_US\" \/>\n<meta property=\"og:type\" content=\"article\" \/>\n<meta property=\"og:title\" content=\"Flocculant Preparation Equipment (EPF) - Reactivos Floculantes y Equipos para la preparaci\u00f3n en M\u00e9xico-Asfin\" \/>\n<meta property=\"og:description\" content=\"[vc_row][vc_column][vc_tta_accordion active_section=&#8221;1&#8243;][vc_tta_section title=&#8221;What is a Flocculant Preparation Equipment (FPE)?&#8221; tab_id=&#8221;1651018310163-7ac12ff7-a98e&#8221;][vc_column_text css=&#8221;.vc_custom_1658421868856{padding-bottom: 5px !important;}&#8221;]It is an equipment designed to prepare the solid flocculant correctly at a pre-established concentration.[\/vc_column_text][\/vc_tta_section][vc_tta_section title=&#8221;Does the ASFLOC\u2122 Flocculant Preparation Equipment operate automatically or manually?&#8221; tab_id=&#8221;1651018574837-032bda17-9ef7&#8243;][vc_column_text css=&#8221;.vc_custom_1658421889671{padding-bottom: 5px !important;}&#8221;]Its operation is fully automatic. The desired concentration is set in the PLC and can &hellip; Continue reading Flocculant Preparation Equipment (EPF)\" \/>\n<meta property=\"og:url\" content=\"https:\/\/grupoasfin.com\/en\/flocculant-preparation-equipment-epf\/\" \/>\n<meta property=\"og:site_name\" content=\"Reactivos Floculantes y Equipos para la preparaci\u00f3n en M\u00e9xico-Asfin\" \/>\n<meta property=\"article:modified_time\" content=\"2024-11-06T22:46:53+00:00\" \/>\n<meta name=\"twitter:card\" content=\"summary_large_image\" \/>\n<meta name=\"twitter:label1\" content=\"Est. reading time\" \/>\n\t<meta name=\"twitter:data1\" content=\"2 minutes\" \/>\n<script type=\"application\/ld+json\" class=\"yoast-schema-graph\">{\"@context\":\"https:\/\/schema.org\",\"@graph\":[{\"@type\":\"WebPage\",\"@id\":\"https:\/\/grupoasfin.com\/en\/flocculant-preparation-equipment-epf\/\",\"url\":\"https:\/\/grupoasfin.com\/en\/flocculant-preparation-equipment-epf\/\",\"name\":\"Flocculant Preparation Equipment (EPF) - Reactivos Floculantes y Equipos para la preparaci\u00f3n en M\u00e9xico-Asfin\",\"isPartOf\":{\"@id\":\"https:\/\/grupoasfin.com\/#website\"},\"datePublished\":\"2022-04-27T00:56:20+00:00\",\"dateModified\":\"2024-11-06T22:46:53+00:00\",\"breadcrumb\":{\"@id\":\"https:\/\/grupoasfin.com\/en\/flocculant-preparation-equipment-epf\/#breadcrumb\"},\"inLanguage\":\"en-US\",\"potentialAction\":[{\"@type\":\"ReadAction\",\"target\":[\"https:\/\/grupoasfin.com\/en\/flocculant-preparation-equipment-epf\/\"]}]},{\"@type\":\"BreadcrumbList\",\"@id\":\"https:\/\/grupoasfin.com\/en\/flocculant-preparation-equipment-epf\/#breadcrumb\",\"itemListElement\":[{\"@type\":\"ListItem\",\"position\":1,\"name\":\"Portada\",\"item\":\"https:\/\/grupoasfin.com\/en\/\"},{\"@type\":\"ListItem\",\"position\":2,\"name\":\"Flocculant Preparation Equipment (EPF)\"}]},{\"@type\":\"WebSite\",\"@id\":\"https:\/\/grupoasfin.com\/#website\",\"url\":\"https:\/\/grupoasfin.com\/\",\"name\":\"Reactivos Floculantes y Equipos para la preparaci\u00f3n en M\u00e9xico-Asfin\",\"description\":\"Desde 1984 suministrando reactivos, equipos para preparaci\u00f3n de floculantes y servicios Asfloc(R) en M\u00e9xico.\",\"potentialAction\":[{\"@type\":\"SearchAction\",\"target\":{\"@type\":\"EntryPoint\",\"urlTemplate\":\"https:\/\/grupoasfin.com\/?s={search_term_string}\"},\"query-input\":{\"@type\":\"PropertyValueSpecification\",\"valueRequired\":true,\"valueName\":\"search_term_string\"}}],\"inLanguage\":\"en-US\"}]}<\/script>\n<!-- \/ Yoast SEO plugin. -->","yoast_head_json":{"title":"Flocculant Preparation Equipment (EPF) - Reactivos Floculantes y Equipos para la preparaci\u00f3n en M\u00e9xico-Asfin","robots":{"index":"index","follow":"follow","max-snippet":"max-snippet:-1","max-image-preview":"max-image-preview:large","max-video-preview":"max-video-preview:-1"},"canonical":"https:\/\/grupoasfin.com\/en\/flocculant-preparation-equipment-epf\/","og_locale":"en_US","og_type":"article","og_title":"Flocculant Preparation Equipment (EPF) - Reactivos Floculantes y Equipos para la preparaci\u00f3n en M\u00e9xico-Asfin","og_description":"[vc_row][vc_column][vc_tta_accordion active_section=&#8221;1&#8243;][vc_tta_section title=&#8221;What is a Flocculant Preparation Equipment (FPE)?&#8221; tab_id=&#8221;1651018310163-7ac12ff7-a98e&#8221;][vc_column_text css=&#8221;.vc_custom_1658421868856{padding-bottom: 5px !important;}&#8221;]It is an equipment designed to prepare the solid flocculant correctly at a pre-established concentration.[\/vc_column_text][\/vc_tta_section][vc_tta_section title=&#8221;Does the ASFLOC\u2122 Flocculant Preparation Equipment operate automatically or manually?&#8221; tab_id=&#8221;1651018574837-032bda17-9ef7&#8243;][vc_column_text css=&#8221;.vc_custom_1658421889671{padding-bottom: 5px !important;}&#8221;]Its operation is fully automatic. The desired concentration is set in the PLC and can &hellip; Continue reading Flocculant Preparation Equipment (EPF)","og_url":"https:\/\/grupoasfin.com\/en\/flocculant-preparation-equipment-epf\/","og_site_name":"Reactivos Floculantes y Equipos para la preparaci\u00f3n en M\u00e9xico-Asfin","article_modified_time":"2024-11-06T22:46:53+00:00","twitter_card":"summary_large_image","twitter_misc":{"Est. reading time":"2 minutes"},"schema":{"@context":"https:\/\/schema.org","@graph":[{"@type":"WebPage","@id":"https:\/\/grupoasfin.com\/en\/flocculant-preparation-equipment-epf\/","url":"https:\/\/grupoasfin.com\/en\/flocculant-preparation-equipment-epf\/","name":"Flocculant Preparation Equipment (EPF) - Reactivos Floculantes y Equipos para la preparaci\u00f3n en M\u00e9xico-Asfin","isPartOf":{"@id":"https:\/\/grupoasfin.com\/#website"},"datePublished":"2022-04-27T00:56:20+00:00","dateModified":"2024-11-06T22:46:53+00:00","breadcrumb":{"@id":"https:\/\/grupoasfin.com\/en\/flocculant-preparation-equipment-epf\/#breadcrumb"},"inLanguage":"en-US","potentialAction":[{"@type":"ReadAction","target":["https:\/\/grupoasfin.com\/en\/flocculant-preparation-equipment-epf\/"]}]},{"@type":"BreadcrumbList","@id":"https:\/\/grupoasfin.com\/en\/flocculant-preparation-equipment-epf\/#breadcrumb","itemListElement":[{"@type":"ListItem","position":1,"name":"Portada","item":"https:\/\/grupoasfin.com\/en\/"},{"@type":"ListItem","position":2,"name":"Flocculant Preparation Equipment (EPF)"}]},{"@type":"WebSite","@id":"https:\/\/grupoasfin.com\/#website","url":"https:\/\/grupoasfin.com\/","name":"Reactivos Floculantes y Equipos para la preparaci\u00f3n en M\u00e9xico-Asfin","description":"Desde 1984 suministrando reactivos, equipos para preparaci\u00f3n de floculantes y servicios Asfloc(R) en M\u00e9xico.","potentialAction":[{"@type":"SearchAction","target":{"@type":"EntryPoint","urlTemplate":"https:\/\/grupoasfin.com\/?s={search_term_string}"},"query-input":{"@type":"PropertyValueSpecification","valueRequired":true,"valueName":"search_term_string"}}],"inLanguage":"en-US"}]}},"_links":{"self":[{"href":"https:\/\/grupoasfin.com\/en\/wp-json\/wp\/v2\/pages\/9064","targetHints":{"allow":["GET"]}}],"collection":[{"href":"https:\/\/grupoasfin.com\/en\/wp-json\/wp\/v2\/pages"}],"about":[{"href":"https:\/\/grupoasfin.com\/en\/wp-json\/wp\/v2\/types\/page"}],"author":[{"embeddable":true,"href":"https:\/\/grupoasfin.com\/en\/wp-json\/wp\/v2\/users\/1"}],"replies":[{"embeddable":true,"href":"https:\/\/grupoasfin.com\/en\/wp-json\/wp\/v2\/comments?post=9064"}],"version-history":[{"count":6,"href":"https:\/\/grupoasfin.com\/en\/wp-json\/wp\/v2\/pages\/9064\/revisions"}],"predecessor-version":[{"id":10353,"href":"https:\/\/grupoasfin.com\/en\/wp-json\/wp\/v2\/pages\/9064\/revisions\/10353"}],"wp:attachment":[{"href":"https:\/\/grupoasfin.com\/en\/wp-json\/wp\/v2\/media?parent=9064"}],"curies":[{"name":"wp","href":"https:\/\/api.w.org\/{rel}","templated":true}]}}